{"id":3653,"date":"2018-03-22T22:19:44","date_gmt":"2018-03-22T21:19:44","guid":{"rendered":"https:\/\/labradoodle.pl\/?page_id=3653"},"modified":"2022-04-07T13:24:03","modified_gmt":"2022-04-07T11:24:03","slug":"wzorzec-rasy","status":"publish","type":"page","link":"https:\/\/labradoodle.pl\/de\/wzorzec-rasy\/","title":{"rendered":"Rassestandard"},"content":{"rendered":"<p>[et_pb_section fb_built=\u201c1\u2033 _builder_version=\u201c4.16\u2033 global_colors_info=\u201c{}\u201c][et_pb_row _builder_version=\u201c4.16\u2033 background_size=\u201cinitial\u201c background_position=\u201ctop_left\u201c background_repeat=\u201crepeat\u201c global_colors_info=\u201c{}\u201c][et_pb_column type=\u201c4_4\u2033 _builder_version=\u201c4.16\u2033 custom_padding=\u201c|||\u201c global_colors_info=\u201c{}\u201c custom_padding__hover=\u201c|||\u201c][et_pb_text _builder_version=\u201c4.16\u2033 text_font_size=\u201c18\u2033 global_colors_info=\u201c{}\u201c]<\/p>\n<h1><strong>Rassestandard<\/strong><\/h1>\n<p>&nbsp;<\/p>\n<p><span style=\"font-weight: 400;\">Anmutig, kompakt und ausgewogen. Freundliches und \u00e4u\u00dferst fr\u00f6hliches Auftreten mit einem sehr intelligenten Ausdruck. Intuitives Temperament, leichtf\u00fc\u00dfig und athletisch zugleich. <\/span><\/p>\n<p><span style=\"font-weight: 400;\">Das Verh\u00e4ltnis von Abmessungen und Gewicht<\/span><\/p>\n<p><span style=\"font-weight: 400;\">Die tats\u00e4chliche Gr\u00f6\u00dfe ist nicht so wichtig wie die Nicht\u00fcbertreibung und das Gesamtgleichgewicht. Es ist etwas l\u00e4nger als hoch, zehn bis zw\u00f6lf.<\/span><\/p>\n<p><span style=\"font-weight: 400;\"><br \/><\/span><span style=\"font-weight: 400;\"><strong>Es gibt drei Gr\u00f6\u00dfen:<\/strong><\/span><\/p>\n<p><span style=\"font-weight: 400;\">Miniatur \u2013 kleiner als 45 cm<br \/><\/span><span style=\"font-weight: 400;\">Mittel \u2013 zwischen 45 und 60 cm<br \/><\/span><span style=\"font-weight: 400;\">Standard - \u00fcber 60 cm<\/span><\/p>\n<p><span style=\"font-weight: 400;\">Die Wirbels\u00e4ule und die Rippen d\u00fcrfen nicht unter dem Fell zu sp\u00fcren sein und das Gewicht sollte nicht zu schwer sein.<\/span><\/p>\n<p>[\/et_pb_text][dmg_masonry_gallery gallery=\u201c5146,4984,4824,3919,3369,5147\u2033 gutter=\u201c3\u2033 modal_title=\u201cin_title\u201c hover_overlay_effect=\u201coverlay_image_data\u201c overlay_title_size=\u201c19px\u201c overlay_title_color=\u201c#FFFFFF\u201c show_overlay _caption=\u201c off \u201d overlay_caption_size=\u201c14px\u201c pagination_buttons_background=\u201cRGBA(255,255,255,0)\u201c pagination_buttons_background_active=\u201c#bcb840\u2033 columns_tablet=\u201c2\u2033 columns_phone=\u201c2\u2033 columns_last_edited=\u201con|desktop\u201c _builder_version=\u201c4.16 .0\u201c _ module_preset=\u201cdefault \u201d pagination_text_color=\u201c#bcb840\u2033 pagination_font_size=\u201c12px\u201c pagination_active_text_color=\u201c#71615b\u201c pagination_active_font_size=\u201c12px\u201c hover_enabled=\u201c0\u2033 border_radii_image=\u201con|12px|12px|12px|12px\u201c border_radii_p agination =\u201con|6px|6px|6px | 6px \u201dborder_radii_pagination_active =\u201d on | 6px | 6px | 6px | 6px \u201dbox_shadow_style_pagination =\u201d preset1 \u2033 global_colors_info = \u201d{}\u201d themen_builder_area = \u201dpost_content\u201d klicky_enaby \u201d0\u201d 0 \u2033] [0\/dmg_masonry_gony_en = \u201d0 \u2033] [\/dmg_masonry_gony_en\u201c \u201d0 \u2033] [\/dmg_masonry_gony_en =\u201d 0 \u201d0\/DMG_GALLY_GEGEGEBOTE\u201d [0 \u201d] [\/DMG_GAGELY_GEA \u2033] [0\/DMG_GAGLAGE_GLAGE. Builder_version = \u201d4.16 \u2033 text_ font_size=\u201c 18\u2033 global_colors_info=\u201c{}\u201c]<\/p>\n<h3><span style=\"font-weight: 400;\">Temperament<\/span><\/h3>\n<p>&nbsp;<\/p>\n<p><span style=\"font-weight: 400;\">Freundlich, lebendig, kooperativ mit Menschen, den Blickkontakt suchend und vor allem menschenbezogen.\u00a0<\/span><\/p>\n<p>&nbsp;<\/p>\n<h3><span style=\"font-weight: 400;\">Kopf<\/span><\/h3>\n<p>&nbsp;<\/p>\n<p><span style=\"font-weight: 400;\">Sch\u00e4del mit geformten Hinterhauptknochen, m\u00e4\u00dfig breit, nicht hervorstehend. Von der Nase bis zum Hinterkopf etwas l\u00e4nger als von der Sch\u00e4deldecke bis zum Hinterkopf. Schnauze von betr\u00e4chtlicher Breite mit gut anhaftenden Lefzen und Backen. Fleischige und gro\u00dfe Nase \u2013 sehr charakteristisch (es ist nicht ratsam, sie klein, spitz, schmal oder eingeklemmt zu machen). <\/span><\/p>\n<p><span style=\"font-weight: 400;\">Neugieriges und sanftes, lebhaftes und zugleich s\u00fc\u00dfes Maul. Sucht klar und aktiv den Blickkontakt.<\/span><\/p>\n<p>&nbsp;<\/p>\n<h3><span style=\"font-weight: 400;\">Augen<\/span><\/h3>\n<p>&nbsp;<\/p>\n<p><span style=\"font-weight: 400;\">Weit auseinanderliegend, rund oder oval. Sie sollten weder eingesunken noch hervorstehend sein, und ein Herabh\u00e4ngen der Augenlider ist ein schwerwiegender Mangel. Lange Wimpern sind ein charakteristisches Merkmal des Hundes. <\/span><\/p>\n<p><span style=\"font-weight: 400;\">Ihre Farbe sollte auf das Pigment des Hundes verweisen. Haselnussbraune Augen kommen bei Hunden vor, die Schokolade, Karamell und Kaffee mit Milchpigmenten zu sich nehmen. Schwarz- und Cremepigmentierung ist die h\u00e4ufigste dunkelbraune Augenfarbe. Blaue Augen oder Augen in zwei verschiedenen Farben sind von der Zucht ausgeschlossen. Ein durchdringender, scharfer oder ausdrucksloser Blick ist ein schwerer Fehler. <\/span><\/p>\n<p><span style=\"font-weight: 400;\">\u00a0<\/span><\/p>\n<h3><span style=\"font-weight: 400;\">Ohren<\/span><\/h3>\n<p>&nbsp;<\/p>\n<p><span style=\"font-weight: 400;\">An den Seiten des Kopfes weit auseinander angebracht, leicht unterhalb der Sch\u00e4delebene h\u00e4ngend und an der Basis leicht angehoben, um eine bessere Luftzirkulation zu gew\u00e4hrleisten.<\/span><\/p>\n<p>&nbsp;<\/p>\n<h3><span style=\"font-weight: 400;\">Okklusion<\/span><\/h3>\n<p>&nbsp;<\/p>\n<p><span style=\"font-weight: 400;\">Ein Scherenbiss wird auf jeden Fall bevorzugt, je nach Aussehen oder Temperament einer bestimmten Person ist jedoch ein Zangenbiss zul\u00e4ssig. Zahnfleisch und Z\u00e4hne gesund und stark. Schiefer Biss, Vorbiss, Unterbiss sind leider M\u00e4ngel, die von der Zucht ausschlie\u00dfen.<\/span><\/p>\n<p>&nbsp;<\/p>\n<h3><span style=\"font-weight: 400;\">Nacken und Oberlinie des R\u00fcckens<\/span><\/h3>\n<p>&nbsp;<\/p>\n<p><span style=\"font-weight: 400;\">Der Hals ist leicht gew\u00f6lbt, muskul\u00f6s und kr\u00e4ftig und von m\u00e4\u00dfiger L\u00e4nge. Anmutig bis zur oberen K\u00f6rperlinie gestreckt. Die Oberlinie des K\u00f6rpers ist horizontal, f\u00e4llt leicht bis knapp hinter den Widerrist und f\u00e4llt \u00fcber die H\u00fcften leicht in Richtung des tief angesetzten Schwanzes ab. K\u00f6rper mit tollen Proportionen, Brust etwas tief, aber nicht \u00fcbertrieben. Der Schwanz wird s\u00e4belf\u00f6rmig getragen und liegt tief an der leicht abfallenden Kruppe. Wenn es aufgeregt ist, kann es fr\u00f6hlich h\u00f6her als die Oberlinie getragen werden, aber gebogen und verdreht die Oberlinie hinauf ist ein Fehler.<\/span><\/p>\n<p>&nbsp;<\/p>\n<h3><span style=\"font-weight: 400;\">Glieder<\/span><\/h3>\n<p>&nbsp;<\/p>\n<ol>\n<li><span style=\"font-weight: 400;\">Vorderteil<\/span><\/li>\n<\/ol>\n<p><span style=\"font-weight: 400;\">Muskul\u00f6se Schultern, perfekt entwickelt, nicht schwer. Relativ lang, breit mit Standardkonturierung. Die Ellbogen sind weder nach innen noch nach au\u00dfen gedreht und liegen gut vor den Rippen. Die Vorderbeine sind kr\u00e4ftig, stehen senkrecht zum Boden und haben kurze, aber kr\u00e4ftige Fesseln. Die Vorderbeine d\u00fcrfen nicht zu kurz sein, da dies den Hund nach unten zieht, die Sehnen und Gelenke belastet und seine Noten verschlechtert. <\/span><\/p>\n<ol>\n<li><span style=\"font-weight: 400;\">Hinterteil<\/span><\/li>\n<\/ol>\n<p><span style=\"font-weight: 400;\">Breite, kr\u00e4ftige und muskul\u00f6se Oberschenkel. Ausgewogenes Kontern. Das Kniegelenk zum Sprunggelenk ist l\u00e4nger als das Sprunggelenk zum Boden.<\/span><\/p>\n<p>&nbsp;<\/p>\n<h3><span style=\"font-weight: 400;\">Pfoten<\/span><\/h3>\n<p>&nbsp;<\/p>\n<p><span style=\"font-weight: 400;\">Straff und kr\u00e4ftig, mit gut gew\u00f6lbten Zehen, oval oder rund. Dicke Ballen, kurze Krallen. Ein Hund wird ohne Afterkrallen geboren. Hasenpfoten sind leider ein gro\u00dfer Nachteil.<\/span><\/p>\n<p>&nbsp;<\/p>\n<h3><span style=\"font-weight: 400;\">Kleid<\/span><\/h3>\n<p>&nbsp;<\/p>\n<p><span style=\"font-weight: 400;\">Es gibt zwei Arten von einlagigen M\u00e4nteln: Wolle und Fleece.\u00a0<\/span><span style=\"font-weight: 400;\">Das Haar ist ein sehr charakteristisches Merkmal jedes Hundes und wird daher nach dem \u00c4u\u00dferen und dem Temperament vorrangig behandelt. <\/span><\/p>\n<p><span style=\"font-weight: 400;\">Manteltyp: Wolle<\/span><\/p>\n<p><span style=\"font-weight: 400;\">Aussehen und Beschaffenheit des Fells \u00e4hneln am ehesten dem Pudel. Die L\u00e4nge des Fells ist an den Gliedma\u00dfen und am K\u00f6rper auf die gleiche L\u00e4nge gek\u00fcrzt. Das Fell an den Pfoten ist kurz rasiert, nicht bis zu den Kn\u00f6cheln. Der Schwanz ist vollst\u00e4ndig behaart. Die Haare an Kopf und Schnauze sollten wir nicht rasieren, wir k\u00f6nnen sie mit einer Schere k\u00fcrzen. <\/span><\/p>\n<p><span style=\"font-weight: 400;\">Manteltyp: Fleece<\/span><\/p>\n<p><span style=\"font-weight: 400;\">Leicht gelockt oder gewellt, an den Gliedma\u00dfen und am K\u00f6rper \u00e4hnlich lang. Pr\u00e4sentiert als reichlich und lang. Das Fell sollte im Gesicht getrimmt sein, um die Augen freizulegen. Die Pfoten sind kurz rasiert, aber nur bis zur Ferse. Die rasierten Teile der Pfoten sind mit Haaren bedeckt, die von den oberen Teilen der Gliedma\u00dfen herabh\u00e4ngen. Die Pfoten d\u00fcrfen nicht bis zu den Kn\u00f6cheln rasiert werden, wie es bei einem Pudel der Fall ist. Das Fell am Schwanz muss l\u00e4nger und locker sein.<\/span><\/p>\n<p>&nbsp;<\/p>\n<h3><span style=\"font-weight: 400;\">Ein Hund in Bewegung<\/span><\/h3>\n<p>&nbsp;<\/p>\n<p><span style=\"font-weight: 400;\">Beim Joggen haben wir den Eindruck, dass der Hund ohne Anstrengung \u00fcber dem Boden schwebt. Er bewegt sich agil, athletisch und zugleich sehr leichtf\u00fc\u00dfig und vermittelt so den Eindruck, fr\u00f6hlich einer bestimmten Richtung zu folgen. Wenn wir den Hund von hinten oder von vorne betrachten, sehen wir weder nach innen noch nach au\u00dfen gedrehte Beine. Der Schritt des Hundes beim Laufen f\u00e4llt in Richtung der Schwerpunktlinie ab. Von der Seite betrachtet sollten seine Gliedma\u00dfen glatt bis zum Ende reichen. Sie sollten nicht hochragen oder durchh\u00e4ngen. Das Sprunggelenk ist kurz und kr\u00e4ftig, sehr gut gewinkelt und unter dem K\u00f6rper nach vorne gestreckt.<\/span><\/p>\n<p>&nbsp;<\/p>\n<h3><span style=\"font-weight: 400;\">Farben:<\/span><\/h3>\n<p>&nbsp;<\/p>\n<ul>\n<li style=\"font-weight: 400;\"><span style=\"font-weight: 400;\">Lavendel<\/span><\/li>\n<li style=\"font-weight: 400;\"><span style=\"font-weight: 400;\">Schorf<\/span><\/li>\n<li style=\"font-weight: 400;\"><span style=\"font-weight: 400;\">Silber<\/span><\/li>\n<li style=\"font-weight: 400;\"><span style=\"font-weight: 400;\">Schwarz<\/span><\/li>\n<li style=\"font-weight: 400;\"><span style=\"font-weight: 400;\">Blau<\/span><\/li>\n<li style=\"font-weight: 400;\"><span style=\"font-weight: 400;\">Schokolade<\/span><\/li>\n<li style=\"font-weight: 400;\"><span style=\"font-weight: 400;\">Nuancen von Creme, Karamell und Aprikose<\/span><\/li>\n<li style=\"font-weight: 400;\"><span style=\"font-weight: 400;\">Rot <\/span><\/li>\n<li style=\"font-weight: 400;\"><span style=\"font-weight: 400;\">Kaffee mit Milch<\/span><\/li>\n<\/ul>\n<p><span style=\"font-weight: 400;\">Akzeptabel, aber nicht gef\u00f6rdert, ist auch die sogenannte Parti-Color, also Kombinationen einer der oben aufgef\u00fchrten Farben in Kombination mit Creme oder Wei\u00df.<\/span><\/p>\n<p>&nbsp;<\/p>\n<h3><span style=\"font-weight: 400;\">Zusammenfassung der Nachteile:<\/span><\/h3>\n<p>&nbsp;<\/p>\n<p><span style=\"font-weight: 400;\">R\u00fcden mit unentwickelten Hoden im Alter von mindestens sechs Monaten und jeglicher Abweichung vom Rassestandard.<\/span><\/p>\n<p><em><span style=\"font-weight: 400;\">Quelle: Vierteljahr des polnischen Rassehundeclubs \u201eKynologia\u201c, 1\/2012(31)<\/span><\/em><\/p>\n<p>[\/et_pb_text][\/et_pb_column][\/et_pb_row][\/et_pb_section]<\/p>","protected":false},"excerpt":{"rendered":"<p>Rassestandard: Anmutig, kompakt und ausgeglichen. Ein freundliches und \u00e4u\u00dferst fr\u00f6hliches Auftreten mit einem sehr intelligenten Ausdruck. Intuitives Temperament, leichtf\u00fc\u00dfig und zugleich athletisch. Gr\u00f6\u00dfen- und Gewichtsverh\u00e4ltnis Die tats\u00e4chliche Gr\u00f6\u00dfe ist nicht so wichtig wie das Fehlen von \u00dcbertreibung und die Gesamtbalance. Es ist etwas l\u00e4nger als hoch, zehn bis zw\u00f6lf. Es gibt drei Gr\u00f6\u00dfen: Miniatur \u2013 [\u2026]<\/p>","protected":false},"author":2,"featured_media":0,"parent":0,"menu_order":0,"comment_status":"closed","ping_status":"closed","template":"","meta":{"_et_pb_use_builder":"on","_et_pb_old_content":"","_et_gb_content_width":"","footnotes":""},"class_list":["post-3653","page","type-page","status-publish","hentry"],"_links":{"self":[{"href":"https:\/\/labradoodle.pl\/de\/wp-json\/wp\/v2\/pages\/3653","targetHints":{"allow":["GET"]}}],"collection":[{"href":"https:\/\/labradoodle.pl\/de\/wp-json\/wp\/v2\/pages"}],"about":[{"href":"https:\/\/labradoodle.pl\/de\/wp-json\/wp\/v2\/types\/page"}],"author":[{"embeddable":true,"href":"https:\/\/labradoodle.pl\/de\/wp-json\/wp\/v2\/users\/2"}],"replies":[{"embeddable":true,"href":"https:\/\/labradoodle.pl\/de\/wp-json\/wp\/v2\/comments?post=3653"}],"version-history":[{"count":10,"href":"https:\/\/labradoodle.pl\/de\/wp-json\/wp\/v2\/pages\/3653\/revisions"}],"predecessor-version":[{"id":5474,"href":"https:\/\/labradoodle.pl\/de\/wp-json\/wp\/v2\/pages\/3653\/revisions\/5474"}],"wp:attachment":[{"href":"https:\/\/labradoodle.pl\/de\/wp-json\/wp\/v2\/media?parent=3653"}],"curies":[{"name":"wp","href":"https:\/\/api.w.org\/{rel}","templated":true}]}}