{"id":3646,"date":"2018-03-20T21:42:27","date_gmt":"2018-03-20T20:42:27","guid":{"rendered":"https:\/\/labradoodle.pl\/?page_id=3646"},"modified":"2022-02-25T11:53:14","modified_gmt":"2022-02-25T10:53:14","slug":"historia-rasy","status":"publish","type":"page","link":"https:\/\/labradoodle.pl\/de\/historia-rasy\/","title":{"rendered":"Die Geschichte der Rasse"},"content":{"rendered":"<p>[et_pb_section fb_built=\u201c1\u2033 _builder_version=\u201c3.22\u2033 global_colors_info=\u201c{}\u201c][et_pb_row _builder_version=\u201c3.25\u2033 background_size=\u201cinitial\u201c background_position=\u201ctop_left\u201c background_repeat=\u201crepeat\u201c global_colors_info=\u201c{}\u201c][et_pb_column type=\u201c4_4\u2033 _builder_version=\u201c3.25\u2033 custom_padding=\u201c|||\u201c global_colors_info=\u201c{}\u201c custom_padding__hover=\u201c|||\u201c][et_pb_text _builder_version=\u201c3.27.4\u2033 text_font_size=\u201c18\u2033 global_colors_info=\u201c{}\u201c]<\/p>\n<h1>Australischer Labradoodle \u2013 Geschichte der Rasse<\/h1>\n<p>&nbsp;<\/p>\n<p><span style=\"font-weight: 400;\">Durch selektive Zucht und Ausbildung hat der Mensch gelernt, Hunde zur Erf\u00fcllung bestimmter Rollen einzusetzen. Zus\u00e4tzlich zu den traditionellen Aufgaben wie Zucht, Jagd, F\u00e4hrtensuche und Bewachung wurden Hunde im Laufe des letzten Jahrhunderts zunehmend auch f\u00fcr andere Aufgaben eingesetzt. <\/span><\/p>\n<p><span style=\"font-weight: 400;\">Heute haben wir es mit Hundef\u00fchrern, Therapeuten, Suchhunden nach vermissten Personen, dem Aufsp\u00fcren von Drogen oder Sprengstoffen zu tun.<\/span><\/p>\n<p><span style=\"font-weight: 400;\">Der authentische australische Labradoodle hat zwei Hundelinien:<\/span><\/p>\n<ul>\n<li style=\"font-weight: 400;\"><span style=\"font-weight: 400;\">Arbeitslinie<\/span><\/li>\n<li style=\"font-weight: 400;\"><span style=\"font-weight: 400;\">therapeutische Linie<\/span><\/li>\n<\/ul>\n<p><span style=\"font-weight: 400;\">und werden seit vielen Jahren erfolgreich f\u00fcr die oben genannten Zwecke eingesetzt. besondere Aufgaben.<\/span><\/p>\n<p><span style=\"font-weight: 400;\">Urspr\u00fcnglich war der australische Labradoode ein Labrador Retriever\/Pudel-Hybrid, in den letzten Jahrzehnten wurden jedoch f\u00fcr bestimmte Zwecke Infusionen anderer Rassen eingef\u00fchrt. <\/span><\/p>\n<p><span style=\"font-weight: 400;\">In den 1970er Jahren unternahm die Australian Blind Organization die ersten Versuche, die Intelligenz des Pudels und den f\u00fcr den Labrador Retriever typischen starken menschlichen Fokus zu kombinieren. Einige Individuen aus dieser Kombination waren leicht zu erziehen, haarten nicht und hatten nicht den typischen Hundegeruch. <\/span><\/p>\n<p><span style=\"font-weight: 400;\">Diese positiven Eigenschaften fielen zun\u00e4chst nicht auf. Erst 1989 erhielt das Institut eine Anfrage f\u00fcr einen Blindenf\u00fchrhund f\u00fcr eine blinde Frau. Allerdings musste es sich um einen Hund handeln, der bei ihrem Mann keine allergische Reaktion hervorrufen w\u00fcrde. <\/span><\/p>\n<p><span style=\"font-weight: 400;\">Wally Conron, der verantwortliche Z\u00fcchter der Royal Victorian Guide Dogs Association (der damalige Name der Organisation australischer Assistenzhunde), erinnerte sich an diese Kombination und beschloss, sie zu wiederholen. Der erste Wurf bestand aus drei Welpen und nicht alle hatten die gew\u00fcnschten Eigenschaften.<\/span><\/p>\n<p>&nbsp;<\/p>\n<h3>Nachwuchs<\/h3>\n<p>&nbsp;<\/p>\n<p><span style=\"font-weight: 400;\">Conron gab dem Nachwuchs den Namen LABRADOODLE. Nach vielen Tests erwies sich nur einer der Welpen als allergikerfreundlich, aber leider hatte er Haarausfall. <\/span><\/p>\n<p><span style=\"font-weight: 400;\">\u00dcber diesen Erfolg wurde in den australischen Medien mit gro\u00dfer Begeisterung berichtet. Aufgrund des Medieninteresses an den besonderen Eigenschaften des Labradoodle erfreute sich die Rasse pl\u00f6tzlich gro\u00dfer Beliebtheit. Wally Conron wiederholte die Kombination mehrmals. Doch in einem Interview mit Reader\u2019s Digest erz\u00e4hlte er dem Interviewpartner, dass viele Labradoodles einen schwierigen und sturen Charakter h\u00e4tten, weshalb er sich nach mehreren Versuchen dazu entschloss, das Zuchtprogramm zu beenden. <\/span><\/p>\n<p><span style=\"font-weight: 400;\">Durch die \u00f6ffentliche Bekanntheit der Kreuzung ist der Labradoodle in Australien und den USA zu einem beliebten Hund geworden. Die Werbung inspirierte zwei australische Z\u00fcchter, Beverley Manners und ihre Tochter Angela, die beschlossen, die von Conron begonnene Arbeit fortzusetzen. Sie wollten einen Hund schaffen, der nicht aggressiv, allergikerfreundlich, arbeitswillig und leicht als Arbeits- oder Therapiehund auszubilden ist.<\/span><\/p>\n<p><span style=\"font-weight: 400;\">Beide Z\u00fcchter kauften ihre ersten Labradoodles von einem Bauern namens Don Evans, der bereits mehrere Generationen gez\u00fcchtet hatte. Diese Labradoodles und andere Infusionen (Pudel, F1) bildeten die Grundlage f\u00fcr ihr Zuchtprogramm.<\/span><\/p>\n<p><span style=\"font-weight: 400;\">Um den Genpool zu vergr\u00f6\u00dfern, schufen beide Z\u00fcchter ein neues Labradoodle-Basismaterial und f\u00fchrten den Zwergpudel in bestehende australische Zuchtlinien ein. So entstanden kleinere Versionen von Labradoodle. <\/span><\/p>\n<p><span style=\"font-weight: 400;\">Trotz selektiver Zucht mit den besten Nachkommen blieb der hyperaktive und eigensinnige Charakter bestehen. Mutter und Tochter entschieden, dass die Infusion mit einer anderen Rasse notwendig sei, um den Charakter zu mildern.<\/span><\/p>\n<p><span style=\"font-weight: 400;\">Und so gesellte sich der Irish Water Spaniel zum genetischen Pool, gefolgt vom Englischen und Amerikanischen Cocker Spaniel. \u00a0<\/span><\/p>\n<p><span style=\"font-weight: 400;\">Leider tauchten in vielen W\u00fcrfen Welpen mit kurzen Haaren auf und der Hund \u00e4hnelte \u00fcberhaupt nicht einem Labradoodle.<\/span><\/p>\n<p>&nbsp;<\/p>\n<h3>Cymbrogs<\/h3>\n<p>&nbsp;<\/p>\n<p><span style=\"font-weight: 400;\">Erst im Juli 2012 entdeckte Cymbrogi, ein niederl\u00e4ndischer Z\u00fcchter australischer Labradoodles, eine seltsame Art von Pelzmantel, die durch eine genetische Mutation im RSPO2-Gen verursacht wurde. <\/span><\/p>\n<p><span style=\"font-weight: 400;\">Z\u00fcchter in Australien, den Vereinigten Staaten, Gro\u00dfbritannien und anderswo begannen, das erfolgreiche Zuchtprogramm der australischen Pioniere zu kopieren. Um ihre einzigartigen Hunde von anderen Labradoodles zu unterscheiden, nannten Beverley Manners und ihre Tochter ihre Zuchtlinien Australian Labradoodles und dann ASD Australian Labradoodles. ASD steht f\u00fcr Australian Service Dog. <\/span><\/p>\n<p><span style=\"font-weight: 400;\">Der letzte in die Linie eingef\u00fchrte Aufguss war der 2004 hinzugef\u00fcgte Soft Coated Irish Wheaten-Aufguss. <\/span><\/p>\n<p><span style=\"font-weight: 400;\">Der Zweck dieser Infusion bestand darin, die Struktur des Fells zu verbessern. Das mit der letzten Infusion angereicherte Fell des australischen Labradoodles ist pflegeleichter. <\/span><\/p>\n<p><span style=\"font-weight: 400;\">Quelle: <\/span><\/p>\n<p><span style=\"font-weight: 400;\">Geschichte der Rasse - ALFA-EUROPE (https:\/\/www.alfa-europe.org\/puppy-buyer\/breed-history.html)<\/span><br \/>\n[\/et_pb_text][\/et_pb_column][\/et_pb_row][\/et_pb_section]<\/p>","protected":false},"excerpt":{"rendered":"<p>Australischer Labradoodle \u2013 Geschichte der Rasse Durch selektive Zucht und Ausbildung haben Menschen gelernt, Hunde zur Erf\u00fcllung bestimmter Rollen einzusetzen. Neben traditionellen Aufgaben wie Zucht, Jagd, F\u00e4hrtensuche und Bewachung wurden Hunde im letzten Jahrhundert auch f\u00fcr andere Aufgaben eingesetzt. Heute haben wir Hundef\u00fchrer, Therapeuten, Hunde, die nach vermissten Personen suchen, Drogen aufsp\u00fcren oder [\u2026]<\/p>","protected":false},"author":3,"featured_media":0,"parent":0,"menu_order":0,"comment_status":"closed","ping_status":"closed","template":"","meta":{"_et_pb_use_builder":"on","_et_pb_old_content":"","_et_gb_content_width":"","footnotes":""},"class_list":["post-3646","page","type-page","status-publish","hentry"],"_links":{"self":[{"href":"https:\/\/labradoodle.pl\/de\/wp-json\/wp\/v2\/pages\/3646","targetHints":{"allow":["GET"]}}],"collection":[{"href":"https:\/\/labradoodle.pl\/de\/wp-json\/wp\/v2\/pages"}],"about":[{"href":"https:\/\/labradoodle.pl\/de\/wp-json\/wp\/v2\/types\/page"}],"author":[{"embeddable":true,"href":"https:\/\/labradoodle.pl\/de\/wp-json\/wp\/v2\/users\/3"}],"replies":[{"embeddable":true,"href":"https:\/\/labradoodle.pl\/de\/wp-json\/wp\/v2\/comments?post=3646"}],"version-history":[{"count":9,"href":"https:\/\/labradoodle.pl\/de\/wp-json\/wp\/v2\/pages\/3646\/revisions"}],"predecessor-version":[{"id":4912,"href":"https:\/\/labradoodle.pl\/de\/wp-json\/wp\/v2\/pages\/3646\/revisions\/4912"}],"wp:attachment":[{"href":"https:\/\/labradoodle.pl\/de\/wp-json\/wp\/v2\/media?parent=3646"}],"curies":[{"name":"wp","href":"https:\/\/api.w.org\/{rel}","templated":true}]}}