{"id":3632,"date":"2018-03-18T21:33:08","date_gmt":"2018-03-18T20:33:08","guid":{"rendered":"https:\/\/labradoodle.pl\/?page_id=3632"},"modified":"2022-04-07T10:31:41","modified_gmt":"2022-04-07T08:31:41","slug":"jak-wybieram-szczeniaka-dla","status":"publish","type":"page","link":"https:\/\/labradoodle.pl\/de\/jak-wybieram-szczeniaka-dla\/","title":{"rendered":"Wie ich einen Welpen f\u00fcr Sie ausw\u00e4hle"},"content":{"rendered":"<p>[et_pb_section fb_built=\u201c1\u2033 _builder_version=\u201c4.16\u2033 global_colors_info=\u201c{}\u201c][et_pb_row _builder_version=\u201c4.16\u2033 background_size=\u201cinitial\u201c background_position=\u201ctop_left\u201c background_repeat=\u201crepeat\u201c global_colors_info=\u201c{}\u201c][et_pb_column type=\u201c4_4\u2033 _builder_version=\u201c4.16\u2033 custom_padding=\u201c|||\u201c global_colors_info=\u201c{}\u201c custom_padding__hover=\u201c|||\u201c][et_pb_text _builder_version=\u201c4.16\u2033 text_font=\u201c|300|||||||\u201c text_font_size=\u201c18\u2033 global_colors_info=\u201c{}\u201c]<\/p>\n<h1>Wie ich einen Welpen f\u00fcr Sie ausw\u00e4hle<\/h1>\n<p>&nbsp;<\/p>\n<p>Bevor ich einen australischen Labradoodle-Welpen f\u00fcr Sie ausw\u00e4hle, m\u00fcssen wir uns gut kennenlernen. Deshalb lade ich Sie zu einem vorab vereinbarten Besuch in unserem Haus ein. Bei einem solchen Besuch haben nicht nur Sie die M\u00f6glichkeit, unsere Hunde kennenzulernen und beunruhigende Fragen zu stellen.<br \/>Zun\u00e4chst lerne ich Sie, Ihre Art, Ihre Familiendynamik und Ihr Temperament kennen. Ich sehe auch, wie Sie sich im Umgang mit Hunden f\u00fchlen und wie sie auf Sie reagieren.<\/p>\n<p>Das Gespr\u00e4ch ist sehr wichtig, aber sicher nicht entscheidend, denn bei einem solchen Besuch erfahre ich mehr als bei einem trockenen Gespr\u00e4ch am Telefon. Mir ist jedoch klar, dass die Entfernung einschr\u00e4nkend sein kann. Aber ich bin<br \/>\u00fcberzeugt davon, dass jemand, der sich wirklich darum k\u00fcmmert, eine solche Distanz \u00fcberwinden wird. Ich spreche hier von Familien in Polen.<br \/>Der letzte Ausweg ist ein Vorstellungsgespr\u00e4ch \u00fcber SKYPE, bei dem ich die M\u00f6glichkeit habe, Familienmitglieder zu sehen und mit ihnen zu sprechen. Dennoch wird es in der Regel bei Familien praktiziert, die au\u00dferhalb Polens leben.<\/p>\n<p>Dich kennenzulernen ist nur ein Teil meiner Arbeit. Nachdem die Labradoodle-Welpen geboren sind, behalte ich sie in den ersten 7 Wochen genau im Auge. Am 49. Lebenstag f\u00fchren wir Temperamentstests durch, die in der Regel eine Best\u00e4tigung fr\u00fcherer Beobachtungen sind. Sie sind jedoch nie endg\u00fcltig. Ich sch\u00e4tze die Beobachtung des Wurfes mehr als die Testergebnisse. Warum? Weil ich glaube, dass sie, um glaubw\u00fcrdig zu sein, mehrmals wiederholt werden m\u00fcssen.<\/p>\n<p>&nbsp;<\/p>\n<h3>Welpenform<\/h3>\n<p>&nbsp;<\/p>\n<p>Manchmal kann es vorkommen, dass ein Welpe nicht in bester Verfassung f\u00fcr Tests ist, z. B. weil er zu m\u00fcde ist (normalerweise Welpen, die zuletzt getestet werden), satt ist, hungrig ist, etwas mit ihm nicht stimmt usw. Die Ergebnisse sind von vielen Faktoren abh\u00e4ngig . Dann setze ich mich mit den Testergebnissen, gutem Kaffee oder Tee hin;) und \u00fcberpr\u00fcfe alles, was ich \u00fcber Familien und Welpen wei\u00df. Manchmal dauert dieser Vorgang mehrere Tage, manchmal muss ich einige Familien erneut kontaktieren, um einige Dinge zu kl\u00e4ren, und um einige Informationen bitten.<\/p>\n<p>Es ist kein einfacher Prozess, aber immer sentimental. Ich muss global und gleichzeitig individuell auf alle Familien und ihre Bed\u00fcrfnisse schauen.<br \/>Manchmal stellt sich jemand die Frage, ob es das Geschlecht oder die Farbe seines Wiedehopfs beeinflusst. Manchmal ist jemand sehr akribisch und gibt sogar die Farbe der Nase an. Nat\u00fcrlich kann ich einige Vorschl\u00e4ge ber\u00fccksichtigen, aber ich mache meine Familie immer darauf aufmerksam, dass f\u00fcr mich die Wahl des Temperaments das Wichtigste ist. Daher muss eine solche Familie einfach darauf vorbereitet sein, dass es in einem bestimmten Wurf keinen Welpen f\u00fcr sie gibt. Kurz gesagt: Je mehr Sie uns vertrauen, desto besser :)<\/p>\n<p>Nach Abschluss des Prozesses erhalten alle Familien von mir eine Nachricht mit einem Angebot, das sie selbstverst\u00e4ndlich ablehnen k\u00f6nnen. Wir erzwingen nichts.<\/p>\n<p>[\/et_pb_text][dmg_masonry_gallery gallery=\u201c3883,3908,3887,3818,3890,3892\u2033 gutter=\u201c3\u2033 modal_title=\u201cin_title\u201c hover_overlay_effect=\u201coverlay_image_data\u201c overlay_title_size=\u201c19px\u201c overlay_title_color=\u201c#FFFFFF\u201c show_overlay _caption=\u201c aus \u201eoverlay_caption_size=\u201c14px\u201c pagination_buttons_background=\u201cRGBA(255,255,255,0)\u201c pagination_buttons_background_active=\u201c#bcb840\u2033 columns_tablet=\u201c3\u2033 columns_phone=\u201c3\u2033 columns_last_edited=\u201con|phone\u201c _builder_version=\u201c4.16.0 \u2033_module_ preset=\u201cdefault \u201d pagination_text_color=\u201c#bcb840\u2033 pagination_font_size=\u201c12px\u201c pagination_active_text_color=\u201c#71615b\u201c pagination_active_font_size=\u201c12px\u201c hover_enabled=\u201c0\u2033 border_radii_image=\u201con|12px|12px|12px|12px\u201c border_radii_p agination =\u201con|6px|6px|6px |6px \u201d border_radii_pagination_active=\u201con|6px|6px|6px|6px\u201c box_shadow_style_pagination=\u201cpreset1\u2033 global_colors_info=\u201c{}\u201c theme_builder_area=\u201cpost_content\u201c sticky_enabled=\u201c0\u2033][\/dmg_masonry_gallery][\/et_pb_column][\/et_pb_row] [\/et_pb_section]<\/p>","protected":false},"excerpt":{"rendered":"<p>Wie ich einen Welpen f\u00fcr Sie ausw\u00e4hle Bevor ich einen australischen Labradoodle-Welpen f\u00fcr Sie ausw\u00e4hle, m\u00fcssen wir uns gut kennenlernen. Deshalb lade ich Sie zu einem vorab vereinbarten Besuch in unserem Haus ein. Bei einem solchen Besuch haben nicht nur Sie die M\u00f6glichkeit, unsere Hunde kennenzulernen und interessante Fragen zu stellen, sondern ich lerne zun\u00e4chst Sie, Ihr Wesen, Ihre Familiendynamik und Ihr Temperament kennen. Ich sehe auch [\u2026]<\/p>","protected":false},"author":3,"featured_media":0,"parent":0,"menu_order":0,"comment_status":"closed","ping_status":"closed","template":"","meta":{"_et_pb_use_builder":"on","_et_pb_old_content":"","_et_gb_content_width":"","footnotes":""},"class_list":["post-3632","page","type-page","status-publish","hentry"],"_links":{"self":[{"href":"https:\/\/labradoodle.pl\/de\/wp-json\/wp\/v2\/pages\/3632","targetHints":{"allow":["GET"]}}],"collection":[{"href":"https:\/\/labradoodle.pl\/de\/wp-json\/wp\/v2\/pages"}],"about":[{"href":"https:\/\/labradoodle.pl\/de\/wp-json\/wp\/v2\/types\/page"}],"author":[{"embeddable":true,"href":"https:\/\/labradoodle.pl\/de\/wp-json\/wp\/v2\/users\/3"}],"replies":[{"embeddable":true,"href":"https:\/\/labradoodle.pl\/de\/wp-json\/wp\/v2\/comments?post=3632"}],"version-history":[{"count":11,"href":"https:\/\/labradoodle.pl\/de\/wp-json\/wp\/v2\/pages\/3632\/revisions"}],"predecessor-version":[{"id":5437,"href":"https:\/\/labradoodle.pl\/de\/wp-json\/wp\/v2\/pages\/3632\/revisions\/5437"}],"wp:attachment":[{"href":"https:\/\/labradoodle.pl\/de\/wp-json\/wp\/v2\/media?parent=3632"}],"curies":[{"name":"wp","href":"https:\/\/api.w.org\/{rel}","templated":true}]}}