{"id":3629,"date":"2018-03-18T21:25:17","date_gmt":"2018-03-18T20:25:17","guid":{"rendered":"https:\/\/labradoodle.pl\/?page_id=3629"},"modified":"2022-11-28T13:47:02","modified_gmt":"2022-11-28T12:47:02","slug":"alergie-linienie","status":"publish","type":"page","link":"https:\/\/labradoodle.pl\/de\/alergie-linienie\/","title":{"rendered":"Allergien\/Haarausfall"},"content":{"rendered":"<p>[et_pb_section fb_built=\u201c1\u2033 _builder_version=\u201c4.16\u2033 global_colors_info=\u201c{}\u201c][et_pb_row _builder_version=\u201c4.16\u2033 background_size=\u201cinitial\u201c background_position=\u201ctop_left\u201c background_repeat=\u201crepeat\u201c global_colors_info=\u201c{}\u201c][et_pb_column type=\u201c4_4\u2033 _builder_version=\u201c4.16\u2033 custom_padding=\u201c|||\u201c global_colors_info=&quot;{}&quot; custom_padding__hover=&quot;|||&quot;][et_pb_text _builder_version=&quot;4.18.0\u2033 text_font_size=&quot;18\u2033 hover_enabled=&quot;0\u2033 global_colors_info=&quot;{}&quot; sticky_enabled=&quot;0\u2033]<\/p>\n<h1>Allergien\/Haarausfall<\/h1>\n<h3><strong>In diesem Artikel lohnt es sich, verschiedene Themen anzusprechen<\/strong><\/h3>\n<p>Wenn Sie sicher sein m\u00f6chten, dass der Hund nicht sensibilisiert, sollten Sie zun\u00e4chst einen Zwinger w\u00e4hlen, in dem nur australische Labradoodles mit mehreren Generationen gez\u00fcchtet werden k\u00f6nnen. In den fr\u00fchen Generationen des Labradoodle (F1, F1B plus alle neuen Aufg\u00fcsse mit Wheaten, Spaniel usw.) kann man nie so sicher sein. Dar\u00fcber hinaus k\u00f6nnen Sie einen Welpen mit nach Hause nehmen, der Sie nicht allergisch macht, und nach einem Jahr, nach dem ersten Fellwechsel, m\u00fcssen Sie den Hund abgeben, da er starke allergische Reaktionen hervorruft.<\/p>\n<p>Ihr Australian Labradoodle-Zwinger muss bei einer internationalen Organisation registriert sein, die transparente Informationen \u00fcber die Generation Ihres Welpen bereitstellt. ALFA-Europe erlaubt keine neuen Aufg\u00fcsse und fr\u00fchen Generationen australischer Labradoodles.<\/p>\n<p>Zweitens ist eine Allergie wirklich eine individuelle Sache. Eine Person kann allergisch gegen Fell, Epidermis, Speichel, Urin oder andere Sekrete sein. Nach den Annahmen der Rassesch\u00f6pfer sollen Speichel- und Fellallergien beseitigt werden. In der Praxis kann es beim Speichel anders sein, daher sollten Sie jedes Mal den Zwinger aufsuchen.<\/p>\n<p>Wenn der Hund gepflegt und gut ern\u00e4hrt ist und sich die Epidermis nicht \u00fcberm\u00e4\u00dfig stark abl\u00f6st, sollte dies kein Problem darstellen. Verschiedene Hundepflegeprodukte wie PENTALCLEANSE k\u00f6nnen helfen. Nach meinen Beobachtungen sind Allergien gegen im Urin enthaltene Proteine am problematischsten. Deshalb sollte ein Allergiker immer den Zwinger aufsuchen und Zeit mit Erwachsenen und Tieren verbringen<br \/>Welpen. Ich f\u00fchre einen solchen Besuch immer in zwei Schritten durch, um beim Auftreten einer Allergie sicher zu sein, ob es sich um eine Urinallergie handelt oder nicht. Dies ist ein zentrales Thema, da der Urin mit zunehmendem Wachstum des Hundes schnell aus unserer Umgebung ausgeschieden wird. Um hier nicht auf Details einzugehen, informiere ich interessierte Familien \u00fcber den gesamten Prozess. In dieser Angelegenheit muss ich auf Ihr Vertrauen und Ihre Ordnung z\u00e4hlen<br \/>Tests und meine Tipps sind dabei sehr wichtig und k\u00f6nnen Einfluss darauf haben, ob der Welpe bei Ihnen landet oder nicht.<\/p>\n<h3>Allergiefreier australischer Labradoodle<\/h3>\n<p>Ich k\u00f6nnte stundenlang \u00fcber Allergien schreiben. Ich habe im Laufe der Jahre viel gelernt. Die Anf\u00e4nge waren nicht einfach, denn es handelt sich um Angelegenheiten, bei denen die Herangehensweise der Familie und die Hilfe des Z\u00fcchters sehr wichtig sind. Deshalb werden bei uns alle Allergiker-Familien in besonderer Weise betreut. Dank dessen hatten wir in den letzten 5 Jahren keine Situation, in der wir aufgrund von Allergien das Zuhause des Welpen wechseln mussten.<\/p>\n<p>[\/et_pb_text][\/et_pb_column][\/et_pb_row][et_pb_row _builder_version=\u201c4.18.0\u201c _module_preset=\u201cdefault\u201c columns_structure=\u201c3_5,2_5\u201c][et_pb_column _builder_version=\u201c4.18.0\u201c _module_preset=\u201cdefault\u201c type= \u201e3_5\u2033][et_pb_text _builder_version=\u201c4.18.0\u201c _module_preset=\u201cdefault\u201c hover_enabled=\u201c0\u2033 sticky_enabled=\u201c0\u2033]<\/p>\n<p>Was das Haaren betrifft, so sind Labradoodles keine Hunde, die wie andere Rassen haaren. Abgestorbene Haare hingegen sollten durch K\u00e4mmen entfernt werden. Andernfalls bilden sich Knoten. Haare k\u00f6nnen in mehreren F\u00e4llen ausfallen \u2013 hormonelle Ver\u00e4nderungen (bei Zuchth\u00fcndinnen, insbesondere nach dem Wurf), unzureichende Ern\u00e4hrung, wenn Hunde krank sind.<\/p>\n<p>Ich muss hier auch auf die verschiedenen Generationen der australischen Labradoodles verweisen. Nat\u00fcrlich k\u00f6nnen wir nicht garantieren, dass es bei fr\u00fchen Generationen und verschiedenen Infusionen nicht zu einem Ausfall kommt. Dann kommt es bei jungen Welpen in der Regel nicht zur Mauser und nach einem Jahr, nach dem ersten Fellwechsel, beginnt der Ritt.<\/p>\n<p>[\/et_pb_text][\/et_pb_column][et_pb_column _builder_version=\u201c4.18.0\u201c _module_preset=\u201cdefault\u201c type=\u201c2_5\u201c][et_pb_image src=\u201chttps:\/\/labradoodle.pl\/wp-content\/uploads\/2022\/03 \/MuMu-1.jpg\u201c _builder_version=\u201c4.18.0\u201c _module_preset=\u201cdefault\u201c alt=\u201cAllergien \u2013 Australisches Labradoodle\u201c title_text=\u201cAllergien \u2013 Australisches Labradoodle\u201c border_radii=\u201con|12px|12px|12px|12px\u201c height= \u201e350px\u201c max_height=\u201c350px\u201c module_alignment=\u201cright\u201c hover_enabled=\u201c0\u2033 sticky_enabled=\u201c0\u2033 align=\u201cright\u201c][\/et_pb_image][\/et_pb_column][\/et_pb_row][\/et_pb_section]<\/p>","protected":false},"excerpt":{"rendered":"<p>Allergien\/Ausscheidungen In diesem Artikel sollten verschiedene Aspekte erw\u00e4hnt werden. Wenn Sie sicher sein m\u00f6chten, dass Ihr Hund keine Allergien entwickelt, sollten Sie eine Zuchtfarm w\u00e4hlen, die nur australische Labradoodles mit mehreren Generationen zur Zucht zul\u00e4sst. Bei den fr\u00fchen Labradoodle-Generationen (F1, F1B plus alle neuen Aufg\u00fcsse mit Wheaten, Spaniel usw.) kann man nie so sicher sein. Dar\u00fcber hinaus k\u00f6nnen Sie einen Welpen mit nach Hause nehmen, der [\u2026]<\/p>","protected":false},"author":2,"featured_media":0,"parent":0,"menu_order":0,"comment_status":"closed","ping_status":"closed","template":"","meta":{"_et_pb_use_builder":"on","_et_pb_old_content":"","_et_gb_content_width":"","footnotes":""},"class_list":["post-3629","page","type-page","status-publish","hentry"],"_links":{"self":[{"href":"https:\/\/labradoodle.pl\/de\/wp-json\/wp\/v2\/pages\/3629","targetHints":{"allow":["GET"]}}],"collection":[{"href":"https:\/\/labradoodle.pl\/de\/wp-json\/wp\/v2\/pages"}],"about":[{"href":"https:\/\/labradoodle.pl\/de\/wp-json\/wp\/v2\/types\/page"}],"author":[{"embeddable":true,"href":"https:\/\/labradoodle.pl\/de\/wp-json\/wp\/v2\/users\/2"}],"replies":[{"embeddable":true,"href":"https:\/\/labradoodle.pl\/de\/wp-json\/wp\/v2\/comments?post=3629"}],"version-history":[{"count":10,"href":"https:\/\/labradoodle.pl\/de\/wp-json\/wp\/v2\/pages\/3629\/revisions"}],"predecessor-version":[{"id":5833,"href":"https:\/\/labradoodle.pl\/de\/wp-json\/wp\/v2\/pages\/3629\/revisions\/5833"}],"wp:attachment":[{"href":"https:\/\/labradoodle.pl\/de\/wp-json\/wp\/v2\/media?parent=3629"}],"curies":[{"name":"wp","href":"https:\/\/api.w.org\/{rel}","templated":true}]}}