{"id":3622,"date":"2018-03-18T21:01:38","date_gmt":"2018-03-18T20:01:38","guid":{"rendered":"https:\/\/labradoodle.pl\/?page_id=3622"},"modified":"2022-04-07T12:11:25","modified_gmt":"2022-04-07T10:11:25","slug":"projekt-rodzina-zastepcza","status":"publish","type":"page","link":"https:\/\/labradoodle.pl\/de\/projekt-rodzina-zastepcza\/","title":{"rendered":"Projekt \u2013 Pflegefamilie"},"content":{"rendered":"<p>[et_pb_section fb_built=\u201c1\u2033 _builder_version=\u201c4.16\u2033 global_colors_info=\u201c{}\u201c][et_pb_row _builder_version=\u201c4.16\u2033 background_size=\u201cinitial\u201c background_position=\u201ctop_left\u201c background_repeat=\u201crepeat\u201c global_colors_info=\u201c{}\u201c][et_pb_column type=\u201c4_4\u2033 _builder_version=\u201c4.16\u2033 custom_padding=\u201c|||\u201c global_colors_info=\u201c{}\u201c custom_padding__hover=\u201c|||\u201c][et_pb_text _builder_version=\u201c4.16\u2033 text_font=\u201c|300|||||||\u201c text_font_size=\u201c18\u2033 header_font=\u201cRaleway||||||||\u201c global_colors_info=\u201c{}\u201c]<\/p>\n<h1><strong>Projekt - Pflegefamilie<\/strong><\/h1>\n<p>&nbsp;<\/p>\n<p><span style=\"font-weight: 400;\">Um es klarzustellen: Ich bin nicht v\u00f6llig gegen Pflegefamilien. Allerdings bin ich gegen die Regelung, bei der eine tr\u00e4chtige H\u00fcndin einer Pflegefamilie entnommen und f\u00fcr die n\u00e4chsten Wochen bei einem Z\u00fcchter untergebracht wird. <\/span><\/p>\n<p><span style=\"font-weight: 400;\">Auf meiner Website www.wlochata-pasja.com.pl habe ich \u00fcber den Einfluss von Stresshormonen auf sich entwickelnde F\u00f6ten gesprochen. Die Trennung vom Besitzer ist f\u00fcr die H\u00fcndin leider immer belastend, es sei denn, das Z\u00fcchterhaus w\u00e4re ihr zweites Zuhause. Was \u2026 nun ja, leider unrealistisch ist in Systemen, in denen es viele Pflegefamilien gibt und der Z\u00fcchter ein normales Familienleben f\u00fchrt. Mach dir nichts vor. <\/span><\/p>\n<p><span style=\"font-weight: 400;\">Leider ist der Einfluss von Stresshormonen auf sich entwickelnde F\u00f6ten gro\u00df und Krankheiten, die aus einem solchen pr\u00e4natalen Umfeld resultieren, k\u00f6nnen erst Jahre sp\u00e4ter sichtbar werden. <\/span><\/p>\n<p><span style=\"font-weight: 400;\">Gene + Umwelt + Ern\u00e4hrung ist die heilige Dreifaltigkeit. Es reicht aus, dass eines dieser Elemente gest\u00f6rt ist, die Immunit\u00e4t des Hundes vor\u00fcbergehend nachl\u00e4sst und das gesamte System zusammenbricht. Daher der kurze Weg zu verschiedenen Krankheiten, die oft unheilbar sind oder eine lebenslange Behandlung erfordern. <\/span><\/p>\n<p><span style=\"font-weight: 400;\">Und hier f\u00e4ngt alles an, oder? Im vorgeburtlichen Leben. Warum k\u00f6nnen wir diesen Welpen also nicht das Beste von allem geben, damit sie einen guten Start ins Leben haben? Es ist so wichtig, und wir nehmen ihnen von Anfang an etwas so Wichtiges weg. <\/span><\/p>\n<p><span style=\"font-weight: 400;\">Das ist meine Position. Au\u00dferdem w\u00fcrde ich mir als Gerichtssachverst\u00e4ndiger im Bereich Tierschutz selbst ins Bein schie\u00dfen, wenn ich versuchen w\u00fcrde, irgendjemanden vom Gegenteil zu \u00fcberzeugen. <\/span><\/p>\n<p><span style=\"font-weight: 400;\">Wir werden auf jeden Fall Pflegefamilien f\u00fcr unsere m\u00e4nnlichen australischen Labradoodles haben. Bisher war eines unserer M\u00e4dchen in der Familie \u2013 Molly, aber wie Sie wissen, wurden dort Welpen geboren und aufgezogen. Ich war immer bei der Geburt dabei und half bei der Sozialisierung. Als die Welpen alt genug waren, um die Familie zu verlassen, kamen sie zur weiteren Sozialisierung zu mir.\u00a0\u00a0<\/span><\/p>\n<p>[\/et_pb_text][dmg_masonry_gallery gallery=\u201c5160,5151,5107,5119,5192,5177\u2033 gutter=\u201c3\u2033 modal_title=\u201cin_title\u201c hover_overlay_effect=\u201coverlay_image_data\u201c overlay_title_size=\u201c19px\u201c overlay_title_color=\u201c#FFFFFF\u201c show_overlay_ caption=\u201c aus \u201eoverlay_caption_size=\u201c14px\u201c pagination_buttons_background=\u201cRGBA(255,255,255,0)\u201c pagination_buttons_background_active=\u201c#bcb840\u2033 columns_tablet=\u201c2\u2033 columns_phone=\u201c2\u2033 columns_last_edited=\u201con|desktop\u201c _builder_version=\u201c4.16. preset=\u201cdefault \u201epagination_text_color=\u201c#bcb840\u201c pagination_font_size=\u201c12px\u201c pagination_active_text_color=\u201c#71615b\u201c pagination_active_font_size=\u201c12px\u201c hover_enabled=\u201c0\u2033 border_radii_image=\u201con|12px|12px|12px|12px\u201c border_radii_pagin =\u201con|6px|6px|6px |6px \u201d border_radii_pagination_active=\u201con|6px|6px|6px|6px\u201c box_shadow_style_pagination=\u201cpreset1\u2033 global_colors_info=\u201c{}\u201c theme_builder_area=\u201cpost_content\u201c sticky_enabled=\u201c0\u2033][\/dmg_masonry_gallery][\/et_pb_column][\/et_pb_row] [\/et_pb_section]<\/p>","protected":false},"excerpt":{"rendered":"<p>Projekt \u2013 Pflegefamilie Um es klarzustellen: Ich bin nicht komplett gegen Pflegefamilien. Allerdings bin ich gegen die Regelung, bei der eine tr\u00e4chtige H\u00fcndin aus der Pflegefamilie genommen und f\u00fcr die n\u00e4chsten Wochen beim Z\u00fcchter behalten wird. Auf meiner Website www.wlochata-pasja.com.pl habe ich \u00fcber die Auswirkungen von Stresshormonen auf die Entwicklung von F\u00f6ten gesprochen. Die Trennung vom Eigent\u00fcmer ist [\u2026]<\/p>","protected":false},"author":2,"featured_media":0,"parent":0,"menu_order":0,"comment_status":"closed","ping_status":"closed","template":"","meta":{"_et_pb_use_builder":"on","_et_pb_old_content":"","_et_gb_content_width":"","footnotes":""},"class_list":["post-3622","page","type-page","status-publish","hentry"],"_links":{"self":[{"href":"https:\/\/labradoodle.pl\/de\/wp-json\/wp\/v2\/pages\/3622","targetHints":{"allow":["GET"]}}],"collection":[{"href":"https:\/\/labradoodle.pl\/de\/wp-json\/wp\/v2\/pages"}],"about":[{"href":"https:\/\/labradoodle.pl\/de\/wp-json\/wp\/v2\/types\/page"}],"author":[{"embeddable":true,"href":"https:\/\/labradoodle.pl\/de\/wp-json\/wp\/v2\/users\/2"}],"replies":[{"embeddable":true,"href":"https:\/\/labradoodle.pl\/de\/wp-json\/wp\/v2\/comments?post=3622"}],"version-history":[{"count":12,"href":"https:\/\/labradoodle.pl\/de\/wp-json\/wp\/v2\/pages\/3622\/revisions"}],"predecessor-version":[{"id":5452,"href":"https:\/\/labradoodle.pl\/de\/wp-json\/wp\/v2\/pages\/3622\/revisions\/5452"}],"wp:attachment":[{"href":"https:\/\/labradoodle.pl\/de\/wp-json\/wp\/v2\/media?parent=3622"}],"curies":[{"name":"wp","href":"https:\/\/api.w.org\/{rel}","templated":true}]}}