{"id":3494,"date":"2018-03-12T22:00:41","date_gmt":"2018-03-12T21:00:41","guid":{"rendered":"https:\/\/labradoodle.pl\/?page_id=3494"},"modified":"2023-06-15T15:07:38","modified_gmt":"2023-06-15T13:07:38","slug":"kodeks-etyczny","status":"publish","type":"page","link":"https:\/\/labradoodle.pl\/de\/kodeks-etyczny\/","title":{"rendered":"Ethischer Kodex"},"content":{"rendered":"<p>[et_pb_section fb_built=\u201c1\u2033 _builder_version=\u201c4.16\u2033 global_colors_info=\u201c{}\u201c][et_pb_row _builder_version=\u201c4.16\u2033 background_size=\u201cinitial\u201c background_position=\u201ctop_left\u201c background_repeat=\u201crepeat\u201c global_colors_info=\u201c{}\u201c][et_pb_column type=\u201c4_4\u2033 _builder_version=\u201c4.16\u2033 custom_padding=\u201c|||\u201c global_colors_info=&quot;{}&quot; custom_padding__hover=&quot;|||&quot;][et_pb_text _builder_version=&quot;4.18.0\u2033 text_font_size=&quot;18\u2033 hover_enabled=&quot;0\u2033 global_colors_info=&quot;{}&quot; sticky_enabled=&quot;0\u2033]<\/p>\n<h1>Ethischer Kodex<\/h1>\n<p><span style=\"font-weight: 400;\">Ich besch\u00e4ftige mich seit 16 Jahren mit australischen Labradoodles. Wie Sie wissen, \u00fcberpr\u00fcft die Zeit Ansichten und \u00e4ndert Pl\u00e4ne :)<\/span><\/p>\n<p><span style=\"font-weight: 400;\">Es ist nicht einfach, Wege zu finden, aber ich hatte gute Mentoren. Ich habe im Laufe der Jahre viel gelernt, obwohl meine urspr\u00fcnglichen Annahmen dieselben geblieben sind. Der Ethikkodex, dem ich mich vor 16 Jahren verpflichtet habe, ist immer noch derselbe.<\/span><\/p>\n<p><span style=\"font-weight: 400;\">Heute:<\/span><\/p>\n<ol>\n<li><span style=\"font-weight: 400;\"> Es setzt das Programm im Einklang mit den Vorstellungen des Rassesch\u00f6pfers fort, den australischen Labradoodle als einen f\u00fcr Allergiker freundlichen Arbeitshund zu f\u00f6rdern.<\/span><\/li>\n<li><span style=\"font-weight: 400;\"> Ich k\u00fcmmere mich um die Gesundheit sowohl meiner Hunde als auch meiner Welpen und erlaube bewusst keine Fortpflanzung von Hunden, deren Gesundheit Zweifel aufkommen l\u00e4sst. Ich f\u00fchre bei meinen Zuchthunden Gesundheitstests durch.<\/span><\/li>\n<li><span style=\"font-weight: 400;\"><span style=\"font-weight: 400;\"> Ich habe so viele Hunde, wie meine \u201eWohnung\u201c bedecken kann, sodass die Bedingungen f\u00fcr alle angenehm sind. Ich halte Hunde nicht in K\u00e4figen, sie sind vollwertige Familienmitglieder. Ich nehme t\u00e4glich an verschiedenen Schulungen mit ihnen teil.\u00a0<\/span><\/span><\/li>\n<li>Ich sozialisiere Welpen nach einem ordnungsgem\u00e4\u00df erstellten Sozialisierungsplan.<\/li>\n<li>F\u00fcr meine Welpen f\u00fchre ich eine sorgf\u00e4ltige Auswahl der neuen Besitzer durch.<\/li>\n<li>Ich w\u00e4hle Welpen f\u00fcr Familien aus und ber\u00fccksichtige dabei deren individuelle Bed\u00fcrfnisse in Bezug auf Temperament und N\u00fctzlichkeit.<\/li>\n<li>Ich r\u00fcste jeden Welpen mit einer Gesundheitsgarantie gegen genetische Defekte aus.<\/li>\n<li>Durch die Teilnahme an zahlreichen Seminaren und Workshops erwerbe ich st\u00e4ndig neue Erkenntnisse im Bereich des Haustierverhaltens.<span style=\"font-weight: 400;\">Mein Labradoodle-Zwinger ist bei der Organisation des australischen Labradoodle ALFA-Europe registriert.<\/span><\/li>\n<\/ol>\n<p>&nbsp;<\/p>\n<p>&nbsp;<\/p>\n<p>[\/et_pb_text][dmg_masonry_gallery gallery=\u201c5200,5153,5138,5117,5120,5141\u2033 gutter=\u201c3\u2033 modal_title=\u201cin_title\u201c hover_overlay_effect=\u201coverlay_image_data\u201c overlay_title_size=\u201c19px\u201c overlay_title_color=\u201c#FFFFFF\u201c show_ overlay _caption=\u201c off \u201d overlay_caption_size=\u201c14px\u201c pagination_buttons_background=\u201cRGBA(255,255,255,0)\u201c pagination_buttons_background_active=\u201c#bcb840\u2033 columns_tablet=\u201c2\u2033 columns_phone=\u201c2\u2033 columns_last_edited=\u201con|desktop\u201c _builder_version=\u201c4.16.0\u201c _ module_preset=\u201cdefault \u201d pagination_text_color=&quot;#bcb840\u2033 pagination_font_size=&quot;12px&quot; pagination_active_text_color=&quot;#71615b&quot; pagination_active_font_size=&quot;12px&quot; border_radii_image=&quot;on|12px|12px|12px|12px&quot; border_radii_pagination=&quot;on|6px|6px|6px|6 px&quot; border_ radii_pagination_active= \u201eon |6px|6px|6px|6px\u201c box_shadow_style_pagination=\u201cpreset1\u2033 global_colors_info=\u201c{}\u201c][\/dmg_masonry_gallery][\/et_pb_column][\/et_pb_row][\/et_pb_section]<\/p>","protected":false},"excerpt":{"rendered":"<p>Ethikkodex Ich besch\u00e4ftige mich seit 16 Jahren mit australischen Labradoodles. Wie wir wissen, best\u00e4tigt die Zeit Ansichten und \u00e4ndert Pl\u00e4ne :) Es ist nicht einfach, Wege freizumachen, aber ich hatte gute Mentoren. Ich habe im Laufe der Jahre viel gelernt, obwohl meine urspr\u00fcnglichen Annahmen dieselben geblieben sind. Der Ethikkodex, dem ich mich vor 16 Jahren verpflichtet habe, ist immer noch derselbe. Heute: Fortsetzung des Programms gem\u00e4\u00df [\u2026]<\/p>","protected":false},"author":2,"featured_media":0,"parent":0,"menu_order":0,"comment_status":"closed","ping_status":"closed","template":"","meta":{"_et_pb_use_builder":"on","_et_pb_old_content":"","_et_gb_content_width":"","footnotes":""},"class_list":["post-3494","page","type-page","status-publish","hentry"],"_links":{"self":[{"href":"https:\/\/labradoodle.pl\/de\/wp-json\/wp\/v2\/pages\/3494","targetHints":{"allow":["GET"]}}],"collection":[{"href":"https:\/\/labradoodle.pl\/de\/wp-json\/wp\/v2\/pages"}],"about":[{"href":"https:\/\/labradoodle.pl\/de\/wp-json\/wp\/v2\/types\/page"}],"author":[{"embeddable":true,"href":"https:\/\/labradoodle.pl\/de\/wp-json\/wp\/v2\/users\/2"}],"replies":[{"embeddable":true,"href":"https:\/\/labradoodle.pl\/de\/wp-json\/wp\/v2\/comments?post=3494"}],"version-history":[{"count":25,"href":"https:\/\/labradoodle.pl\/de\/wp-json\/wp\/v2\/pages\/3494\/revisions"}],"predecessor-version":[{"id":5914,"href":"https:\/\/labradoodle.pl\/de\/wp-json\/wp\/v2\/pages\/3494\/revisions\/5914"}],"wp:attachment":[{"href":"https:\/\/labradoodle.pl\/de\/wp-json\/wp\/v2\/media?parent=3494"}],"curies":[{"name":"wp","href":"https:\/\/api.w.org\/{rel}","templated":true}]}}