{"id":3483,"date":"2018-03-09T22:20:44","date_gmt":"2018-03-09T21:20:44","guid":{"rendered":"https:\/\/labradoodle.pl\/?p=3483"},"modified":"2022-04-07T13:39:07","modified_gmt":"2022-04-07T11:39:07","slug":"wskazniki-inbredu","status":"publish","type":"page","link":"https:\/\/labradoodle.pl\/de\/wskazniki-inbredu\/","title":{"rendered":"Inzuchtindikatoren"},"content":{"rendered":"<p>[et_pb_section fb_built=\u201c1\u2033 _builder_version=\u201c4.16\u2033 global_colors_info=\u201c{}\u201c][et_pb_row _builder_version=\u201c4.16\u2033 background_size=\u201cinitial\u201c background_position=\u201ctop_left\u201c background_repeat=\u201crepeat\u201c global_colors_info=\u201c{}\u201c][et_pb_column type=\u201c4_4\u2033 _builder_version=\u201c4.16\u2033 custom_padding=\u201c|||\u201c global_colors_info=\u201c{}\u201c custom_padding__hover=\u201c|||\u201c][et_pb_text _builder_version=\u201c4.16\u2033 text_font_size=\u201c18\u2033 global_colors_info=\u201c{}\u201c]<\/p>\n<h1><strong>Inzuchtindikator<\/strong><\/h1>\n<p>&nbsp;<\/p>\n<p><span style=\"font-weight: 400;\">Die Alfa-Europe-Organisation, bei der ich registriert bin, geht in Gesundheitsfragen sehr streng vor, weshalb unter anderem die Inzuchtrate auf einem niedrigen Niveau gehalten wird. Die Sch\u00f6pferin des australischen Labradoodle akzeptiert in ihrem Programm einen maximalen Inzuchtkoeffizienten von 10%.<\/span><\/p>\n<p><span style=\"font-weight: 400;\">In den meisten F\u00e4llen schwankt sie jedoch zwischen 0,5% und 3%.<\/span><\/p>\n<p><span style=\"font-weight: 400;\">Wir sind st\u00e4ndig auf der Suche nach einem neuen genetischen Pool, was in der Labradoodle-Welt nicht einfach ist. Es gibt verschiedene Organisationen auf der Welt, und nicht alle wurden f\u00fcr den gleichen Zweck gegr\u00fcndet.<\/span><\/p>\n<p><span style=\"font-weight: 400;\">Das erinnert mich ein wenig an die Situation in Polen im Jahr 2012, als das neue Tierschutzgesetz in Kraft trat und massenhaft neue \u201eRasowe\u201c-Hunde- und Katzenvereine gegr\u00fcndet wurden.<\/span><\/p>\n<p>&nbsp;<\/p>\n<h3>Verb\u00e4nde<\/h3>\n<p>&nbsp;<\/p>\n<p><span style=\"font-weight: 400;\">Am Samstag auf dem Markt f\u00fcr hundert, am Montag f\u00fcr 2.000 \u2013 weil es im \u201eVerein\u201c eingetragen war, den es eine Woche zuvor noch nicht gab. Pal Deuce Gesundheitstests, DNA, Forschung, Wurfbewertungen. Es ist wichtig, dass die Organisation einen \u201eStammbaum\u201c zur Verf\u00fcgung stellt, d. h. ein St\u00fcck Papier mit einigen erfundenen Namen, von denen man nicht wei\u00df, woher sie kommen, aber wenn es f\u00fcr den K\u00e4ufer so wichtig ist, \u00fcberlassen Sie es ihm.<\/span><\/p>\n<p><span style=\"font-weight: 400;\">So verh\u00e4lt es sich mit Organisationen, die Australian Labradoodle in Verbindung bringen. Es gibt einfach viele davon, einige wurden f\u00fcr einen edlen Zweck geschaffen, andere weniger. Das einzige Problem ist, dass der durchschnittliche Kowalski es nicht wei\u00df, denn woher soll er wissen, dass dies die Realit\u00e4t ist. Der Ehrgeizigere gr\u00e4bt dann tiefer und es stellt sich heraus, dass er einen Mischling adoptiert hat, der nichts mit dem australischen Labradoodle zu tun hat.<\/span><\/p>\n<p><span style=\"font-weight: 400;\">Ich erhielt viele Anrufe von potenziellen Kunden: \u201eWeil wir einen Fehler gemacht haben\u201c, \u201eEs sollte ein Labradoodle sein\u201c, \u201eAber zumindest haben wir den Welpen vor diesem fiesen Z\u00fcchter gerettet\u201c. Ganz zu schweigen davon, wie viele Fragen ich nach Hilfe bei Verhaltensproblemen wie dem Fressen meines eigenen Kots, Aggressivit\u00e4t usw. hatte.<\/span><\/p>\n<p><span style=\"font-weight: 400;\">Andererseits ist es schwer, von Menschen \u00fcberrascht zu werden, ich selbst habe mehrere Monate lang selbst versucht, der Wahrheit auf den Grund zu gehen. Die Suche nach einem guten, gesunden Vererber hat mich jedoch weit \u00fcber ein Jahr gekostet.<\/span><\/p>\n<p>[\/et_pb_text][dmg_masonry_gallery gallery=\u201c5150,5137,5108,4974,4003,3994\u2033 gutter=\u201c3\u2033 modal_title=\u201cin_title\u201c hover_overlay_effect=\u201coverlay_image_data\u201c overlay_title_size=\u201c19px\u201c overlay_title_color=\u201c#FFFFFF\u201c show_overlay_ caption=\u201c aus \u201eoverlay_caption_size=\u201c14px\u201c pagination_buttons_background=\u201cRGBA(255,255,255,0)\u201c pagination_buttons_background_active=\u201c#bcb840\u2033 columns_tablet=\u201c2\u2033 columns_phone=\u201c2\u2033 columns_last_edited=\u201con|desktop\u201c _builder_version=\u201c4.16. preset=\u201cdefault \u201epagination_text_color=\u201c#bcb840\u201c pagination_font_size=\u201c12px\u201c pagination_active_text_color=\u201c#71615b\u201c pagination_active_font_size=\u201c12px\u201c hover_enabled=\u201c0\u2033 border_radii_image=\u201con|12px|12px|12px|12px\u201c border_radii_pagin =\u201con|6px|6px|6px |6px \u201d border_radii_pagination_active=\u201con|6px|6px|6px|6px\u201c box_shadow_style_pagination=\u201cpreset1\u2033 global_colors_info=\u201c{}\u201c theme_builder_area=\u201cpost_content\u201c sticky_enabled=\u201c0\u2033][\/dmg_masonry_gallery][\/et_pb_column][\/et_pb_row] [\/et_pb_section]<\/p>","protected":false},"excerpt":{"rendered":"<p>Inzuchtindex Die Organisation Alfa-Europe, bei der ich registriert bin, geht in Gesundheitsfragen recht streng vor, weshalb unter anderem der Inzuchtindex auf einem niedrigen Niveau gehalten wird. Die Sch\u00f6pferin der Australian Labradoodles akzeptiert in ihrem Programm einen maximalen Inzuchtkoeffizienten von 10%. In den meisten F\u00e4llen liegt er jedoch zwischen 0,5% und 3%. Wir sind st\u00e4ndig auf der Suche nach einem neuen Genpool, der [\u2026]<\/p>","protected":false},"author":2,"featured_media":0,"parent":0,"menu_order":0,"comment_status":"open","ping_status":"open","template":"","meta":{"_et_pb_use_builder":"on","_et_pb_old_content":"","_et_gb_content_width":"","footnotes":""},"class_list":["post-3483","page","type-page","status-publish","hentry"],"_links":{"self":[{"href":"https:\/\/labradoodle.pl\/de\/wp-json\/wp\/v2\/pages\/3483","targetHints":{"allow":["GET"]}}],"collection":[{"href":"https:\/\/labradoodle.pl\/de\/wp-json\/wp\/v2\/pages"}],"about":[{"href":"https:\/\/labradoodle.pl\/de\/wp-json\/wp\/v2\/types\/page"}],"author":[{"embeddable":true,"href":"https:\/\/labradoodle.pl\/de\/wp-json\/wp\/v2\/users\/2"}],"replies":[{"embeddable":true,"href":"https:\/\/labradoodle.pl\/de\/wp-json\/wp\/v2\/comments?post=3483"}],"version-history":[{"count":13,"href":"https:\/\/labradoodle.pl\/de\/wp-json\/wp\/v2\/pages\/3483\/revisions"}],"predecessor-version":[{"id":5481,"href":"https:\/\/labradoodle.pl\/de\/wp-json\/wp\/v2\/pages\/3483\/revisions\/5481"}],"wp:attachment":[{"href":"https:\/\/labradoodle.pl\/de\/wp-json\/wp\/v2\/media?parent=3483"}],"curies":[{"name":"wp","href":"https:\/\/api.w.org\/{rel}","templated":true}]}}