{"id":3476,"date":"2018-03-09T21:44:23","date_gmt":"2018-03-09T20:44:23","guid":{"rendered":"https:\/\/labradoodle.pl\/?p=3476"},"modified":"2022-04-07T13:34:38","modified_gmt":"2022-04-07T11:34:38","slug":"rasowy-czy-kundel-2","status":"publish","type":"page","link":"https:\/\/labradoodle.pl\/de\/rasowy-czy-kundel-2\/","title":{"rendered":"Reinrassig oder K\u00f6ter"},"content":{"rendered":"<p>[et_pb_section fb_built=\u201c1\u2033 _builder_version=\u201c4.16\u2033 global_colors_info=\u201c{}\u201c][et_pb_row _builder_version=\u201c4.16\u2033 background_size=\u201cinitial\u201c background_position=\u201ctop_left\u201c background_repeat=\u201crepeat\u201c global_colors_info=\u201c{}\u201c][et_pb_column type=\u201c4_4\u2033 _builder_version=\u201c4.16\u2033 custom_padding=\u201c|||\u201c global_colors_info=\u201c{}\u201c custom_padding__hover=\u201c|||\u201c][et_pb_text _builder_version=\u201c4.16\u2033 text_font_size=\u201c18\u2033 global_colors_info=\u201c{}\u201c]<\/p>\n<h1>Reinrassig oder K\u00f6ter<\/h1>\n<h3><\/h3>\n<h3>Mein gro\u00dfes Verbrechen<\/h3>\n<p>&nbsp;<\/p>\n<p><span style=\"font-weight: 400;\">Vor zehn Jahren habe ich ein gro\u00dfes Verbrechen begangen. Oh ja! Riesig! Ich habe einen australischen Labradoodle aus Australien nach Polen mitgebracht. Das schockierte Internet bebte vor Diskussionen \u00fcber die Arten des Lynchmordes an meiner Person. Ich lese solche Dinge einfach nicht, ich wei\u00df, dass HEJT schon immer war, ist und sein wird. Und weil es dem Ersten immer schwerf\u00e4llt, bahnbrechende Wege zu gehen, versuche ich, einer bestimmten Wahrheit im Leben zu folgen.<\/span><\/p>\n<p><span style=\"font-weight: 400;\">\u201eJede Wahrheit durchl\u00e4uft drei Phasen: Zuerst wird sie l\u00e4cherlich gemacht, dann wird sie geleugnet und schlie\u00dflich wird sie als selbstverst\u00e4ndlich angesehen.\u201c Das ist mein Lieblingszitat von Schopenhauer. Und ich bin mir sicher, dass viele dieser Online-Hasser der letzten 10 Jahre, die sich f\u00fcr die Rasse interessierten, mich bereits kontaktiert haben.<\/span><\/p>\n<p><span style=\"font-weight: 400;\">Ich wei\u00df, dass Wahrheit, Leidenschaft, Liebe zu dem, was man tut, aber auch aufrichtige Absichten sich immer verteidigen werden. Stets.<\/span><\/p>\n<p><span style=\"font-weight: 400;\">Meine Position zur Frage, ob es sich um einen reinrassigen Hund oder einen K\u00f6ter handelt, habe ich bereits in einem anderen Artikel dargelegt.<\/span><\/p>\n<p>&nbsp;<\/p>\n<blockquote class=\"wp-embedded-content\" data-secret=\"Ki1FkjAYXC\"><p><a href=\"https:\/\/www.wlochata-pasja.com.pl\/australijskie-labradoodle\/informacje-o-rasie\/rasowy-czy-kundel\/\" target=\"_blank\" rel=\"noopener\">RASSE ODER MUTTER<\/a><\/p><\/blockquote>\n<p><iframe class=\"wp-embedded-content\" sandbox=\"allow-scripts\" security=\"restricted\" style=\"position: absolute; clip: rect(1px, 1px, 1px, 1px);\" src=\"https:\/\/www.wlochata-pasja.com.pl\/australijskie-labradoodle\/informacje-o-rasie\/rasowy-czy-kundel\/embed\/#?secret=Ki1FkjAYXC\" data-secret=\"Ki1FkjAYXC\" width=\"600\" height=\"338\" title=\"&bdquo;&lt;span class=&quot;caps&quot;&gt;VOLLBLUT&lt;\/span&gt; &lt;span class=&quot;caps&quot;&gt;WENN&lt;\/span&gt; &lt;span class=&quot;caps&quot;&gt;MISCHLING&lt;\/span&gt;&rdquo; &ndash; Australian Labradoodle &ndash; Australische Labradoodle-Hundezucht\" frameborder=\"0\" marginwidth=\"0\" marginheight=\"0\" scrolling=\"no\"><\/iframe><\/p>\n<p><span style=\"font-weight: 400;\">Es werden immer noch neue Hunderassen geschaffen und registriert. Die uns bereits bekannten Rassen werden immer noch effektiv vernichtet (Abflachung der Schnauzen, abgewinkelte Hinterbeine). Ich denke, wenn die Menschen auf sich selbst aufpassen und jeden Tag ihren Diamanten polieren w\u00fcrden, w\u00fcrde die Welt anders aussehen.<\/span><\/p>\n<p>&nbsp;<\/p>\n<h3>Alfa-Europe mit einer anderen Organisation<\/h3>\n<p>&nbsp;<\/p>\n<p><span style=\"font-weight: 400;\">Alfa-Europe versuchte zusammen mit einer anderen australischen Organisation, australische Labradoodles in ihrem Heimatland zu registrieren. Aufgrund anderer Ansichten mussten wir uns leider aus dem Projekt zur\u00fcckziehen. Es geht nicht wirklich um die Registrierung als Selbstzweck, sondern um bestimmte Gr\u00fcnde, die meiner Meinung nach darin bestehen sollten, die Rasse zu sch\u00fctzen und sauber zu halten. Daher ist eine Organisation, die auf DNA-Tests bei Welpen verzichtet, nicht der richtige Partner f\u00fcr uns. Er ist auch kein geeigneter F\u00f6rderer der Rasse. <\/span><\/p>\n<p>&nbsp;<br \/>\n[\/et_pb_text][dmg_masonry_gallery gallery=\u201c3448,3447,3446,3442,3445,3440\u2033 gutter=\u201c3\u2033 modal_title=\u201cin_title\u201c hover_overlay_effect=\u201coverlay_image_data\u201c overlay_title_size=\u201c19px\u201c overlay_title_color=\u201c#FFFFFF\u201c show_overlay_ caption=\u201c aus \u201eoverlay_caption_size=\u201c14px\u201c pagination_buttons_background=\u201cRGBA(255,255,255,0)\u201c pagination_buttons_background_active=\u201c#bcb840\u2033 columns_tablet=\u201c2\u2033 columns_phone=\u201c2\u2033 columns_last_edited=\u201con|desktop\u201c _builder_version=\u201c4.16. preset=\u201cdefault \u201epagination_text_color=\u201c#bcb840\u201c pagination_font_size=\u201c12px\u201c pagination_active_text_color=\u201c#71615b\u201c pagination_active_font_size=\u201c12px\u201c hover_enabled=\u201c0\u2033 border_radii_image=\u201con|12px|12px|12px|12px\u201c border_radii_pagin =\u201con|6px|6px|6px |6px \u201d border_radii_pagination_active=\u201con|6px|6px|6px|6px\u201c box_shadow_style_pagination=\u201cpreset1\u2033 global_colors_info=\u201c{}\u201c theme_builder_area=\u201cpost_content\u201c sticky_enabled=\u201c0\u2033][\/dmg_masonry_gallery][\/et_pb_column][\/et_pb_row] [\/et_pb_section]<\/p>","protected":false},"excerpt":{"rendered":"<p>Reinrassig oder Mischling Mein gro\u00dfes Verbrechen Vor zehn Jahren habe ich ein gro\u00dfes Verbrechen begangen. Oh ja! Riesig! Ich habe einen australischen Labradoodle aus Australien nach Polen mitgebracht. Das schockierte Internet zitterte vor Diskussionen \u00fcber die Arten von Lynchjustiz gegen mich. Ich lese solche Dinge einfach nicht, ich wei\u00df, dass HASS schon immer war, ist und sein wird. Und da der erste [\u2026]<\/p>","protected":false},"author":2,"featured_media":0,"parent":0,"menu_order":0,"comment_status":"open","ping_status":"open","template":"","meta":{"_et_pb_use_builder":"on","_et_pb_old_content":"","_et_gb_content_width":"","footnotes":""},"class_list":["post-3476","page","type-page","status-publish","hentry"],"_links":{"self":[{"href":"https:\/\/labradoodle.pl\/de\/wp-json\/wp\/v2\/pages\/3476","targetHints":{"allow":["GET"]}}],"collection":[{"href":"https:\/\/labradoodle.pl\/de\/wp-json\/wp\/v2\/pages"}],"about":[{"href":"https:\/\/labradoodle.pl\/de\/wp-json\/wp\/v2\/types\/page"}],"author":[{"embeddable":true,"href":"https:\/\/labradoodle.pl\/de\/wp-json\/wp\/v2\/users\/2"}],"replies":[{"embeddable":true,"href":"https:\/\/labradoodle.pl\/de\/wp-json\/wp\/v2\/comments?post=3476"}],"version-history":[{"count":13,"href":"https:\/\/labradoodle.pl\/de\/wp-json\/wp\/v2\/pages\/3476\/revisions"}],"predecessor-version":[{"id":5479,"href":"https:\/\/labradoodle.pl\/de\/wp-json\/wp\/v2\/pages\/3476\/revisions\/5479"}],"wp:attachment":[{"href":"https:\/\/labradoodle.pl\/de\/wp-json\/wp\/v2\/media?parent=3476"}],"curies":[{"name":"wp","href":"https:\/\/api.w.org\/{rel}","templated":true}]}}