{"id":3471,"date":"2018-03-07T22:44:40","date_gmt":"2018-03-07T21:44:40","guid":{"rendered":"https:\/\/labradoodle.pl\/?p=3471"},"modified":"2022-04-07T12:40:08","modified_gmt":"2022-04-07T10:40:08","slug":"pielegnacja-okrywy-wlosowej","status":"publish","type":"page","link":"https:\/\/labradoodle.pl\/de\/pielegnacja-okrywy-wlosowej\/","title":{"rendered":"Fellpflege"},"content":{"rendered":"<p>[et_pb_section fb_built=\u201c1\u2033 _builder_version=\u201c4.16\u2033 global_colors_info=\u201c{}\u201c][et_pb_row _builder_version=\u201c4.16\u2033 background_size=\u201cinitial\u201c background_position=\u201ctop_left\u201c background_repeat=\u201crepeat\u201c global_colors_info=\u201c{}\u201c][et_pb_column type=\u201c4_4\u2033 _builder_version=\u201c4.16\u2033 custom_padding=\u201c|||\u201c global_colors_info=\u201c{}\u201c custom_padding__hover=\u201c|||\u201c][et_pb_text _builder_version=\u201c4.16\u2033 text_font_size=\u201c18\u2033 global_colors_info=\u201c{}\u201c]<\/p>\n<h1>Fellpflege<\/h1>\n<h3>Australischer Labradoodle-Mantel<\/h3>\n<p><span style=\"font-weight: 400;\">Ich bin 2008 in Australien zum ersten Mal auf das Fell des Australian Labradoodle gesto\u00dfen, als ich f\u00fcnf Wochen im Rutland Manor Kennel verbrachte. Als ich Beverleys Hunde k\u00e4mmte, fragte ich mich, wie man so einen Hund gro\u00dfziehen kann? Ein Kn\u00e4uel im Kn\u00e4uel, das K\u00e4mmen hat mich mehrere Stunden am Tag gekostet.<\/span><\/p>\n<p><span style=\"font-weight: 400;\">Dann bekam ich meinen ersten Welpen mit einem wundersch\u00f6nen, lockigen Fell in Aprikosent\u00f6nen. Es war weich, seidig und musste \u00fcberhaupt nicht gek\u00e4mmt werden! Ich k\u00fcmmerte mich um ihren Mantel und k\u00e4mmte ihn jede Woche flei\u00dfig. Bis\u2026.nur\u2026bis sie 10 Monate alt war. In diesem Moment begann Caramel zu verwirren. Ich habe das Gef\u00fchl, dass es \u00fcber Nacht passiert ist. Je mehr ich k\u00e4mmte, desto mehr Verfilzungen traten auf. Dann erinnerte ich mich daran, was Beverley eines Abends bei abendlichen Gespr\u00e4chen zu mir gesagt hatte: \u201eSie k\u00f6nnen sich die ganze Nacht \u00fcber verheddern.\u201c \u201eJa ... dachte ich mir.\u201c Und ich hatte meins.<\/span><\/p>\n<p><span style=\"font-weight: 400;\">Ich gab auf und mein erster Labradoodle war\u2026.RASIERT. Oh, wie ich es bereut habe, ich konnte es kaum erwarten, dass diese Haare nachwachsen. Sie ist nachgewachsen\u2026. aber es war nie wieder dasselbe wie Welpenfell.<\/span><\/p>\n<p>[\/et_pb_text][dmg_masonry_gallery gallery=\u201c4012,4014,4015,4016,4018,4019,4013\u2033 gutter=\u201c3\u2033 modal_title=\u201cin_title\u201c hover_overlay_effect=\u201coverlay_image_data\u201c overlay_title_size=\u201c19px\u201c overlay_title_color=\u201c#FFFFFF \u201d show_overlay_caption= \u201eoff\u201c overlay_caption_size=\u201c14px\u201c pagination_buttons_background=\u201cRGBA(255,255,255,0)\u201c pagination_buttons_background_active=\u201c#bcb840\u2033 columns_tablet=\u201c2\u2033 columns_phone=\u201c2\u2033 columns_last_edited=\u201con|desktop\u201c _builder_version=\u201c4. 16,0\u2033 _module_preset=\u201c default\u201c pagination_text_color=\u201c#bcb840\u201c pagination_font_size=\u201c12px\u201c pagination_active_text_color=\u201c#71615b\u201c pagination_active_font_size=\u201c12px\u201c hover_enabled=\u201c0\u2033 border_radii_image=\u201con|12px|12px|12px|12px\u201c border_radii _pagination =\u201con|6px|6px| 6px |6px\u201c border_radii_pagination_active=\u201con|6px|6px|6px|6px\u201c box_shadow_style_pagination=\u201cpreset1\u2033 global_colors_info=\u201c{}\u201c theme_builder_area=\u201cpost_content\u201c sticky_enabled=\u201c0\u2033][\/dmg_masonry_gallery][et_pb_text _builder_version=\u201c4.16 \u2033 text_font_size =\u201c18\u2033 global_colors_info=\u201c{}\u201c]<\/p>\n<h3>Gew\u00f6hnen Sie Ihren Welpen daran, geb\u00fcrstet zu werden<\/h3>\n<p><span style=\"font-weight: 400;\">Sie m\u00fcssen wissen, dass der Welpe, den Sie bekommen, ein sch\u00f6nes, gl\u00e4nzendes, seidiges Fell hat. Es ist kaum zu glauben, dass es eines Tages anfangen wird, sich zu verheddern. Im Alter von etwa 8\u201311 Monaten ver\u00e4ndert sich das Fell jedoch und erfordert dann eine sorgf\u00e4ltige Pflege. Was habe ich im Laufe der Jahre gelernt?<\/span><\/p>\n<p><span style=\"font-weight: 400;\">Erstens, um Ihren Welpen schon in jungen Jahren an das Z\u00e4hneputzen zu gew\u00f6hnen. Lassen Sie sich nicht in Versuchung f\u00fchren\u2026..aaah, wir haben noch Zeit, denn eines Tages f\u00e4ngt das Fell einfach an zu verfilzen und Ihr Hund kann nicht mehr so lange auf dem Trimmtisch bleiben.<\/span><\/p>\n<p><span style=\"font-weight: 400;\">Zweitens: Rasieren Sie das Fell Ihres Welpen nicht vor seinem ersten Geburtstag. Jemand hat mir einmal erz\u00e4hlt, dass es die Struktur der Haare ver\u00e4ndert. Ich wei\u00df es nicht, ich bin kein Experte auf diesem Gebiet, aber da ist etwas dran. Stellen Sie sich vor, dass die Haare dieses ersten Welpen einfach ausgek\u00e4mmt werden m\u00fcssen. Er wird nicht selbst herausfallen. Wenn Sie Ihren Hund rasieren, weil er sich verheddert, k\u00e4mmen Sie leider nicht die Haare, die es erfordern.<\/span><\/p>\n<p><span style=\"font-weight: 400;\">Drittens: B\u00fcrsten Sie Ihr Haar nicht jeden Tag mit einem Pudel. Dieses Verfahren zerst\u00f6rt auch ihre Struktur. Wenn Sie (und Ihr Hund auch) sich einer solchen Aktivit\u00e4t gerne hingeben, w\u00e4hlen Sie einen Hundekamm (der funktioniert nicht bei Verfilzungen).<\/span><\/p>\n<p><span style=\"font-weight: 400;\">Viertens: Baden Sie Ihren Hund nicht oft. Durch h\u00e4ufiges Baden wird die Schutzbarriere zerst\u00f6rt und das Haar wird noch schmutziger. Sand und Schlamm lassen sich durch Sp\u00fclen mit klarem Wasser oder mit dem sogenannten \u201eEntfernen\u201c entfernen doodlebooster (dazu sp\u00e4ter mehr).<\/span><\/p>\n<p><span style=\"font-weight: 400;\">F\u00fcnftens: Verwenden Sie gute Shampoos, Sp\u00fclungen und Entwirrungsprodukte. Die Haarspitzen spalten sich nicht so leicht.<\/span><\/p>\n<h3>Schneiden Sie Ihre Haare<\/h3>\n<p><span style=\"font-weight: 400;\">Sechstens: Schneiden Sie Ihre Haare regelm\u00e4\u00dfig. Ich wei\u00df, je l\u00e4nger es ist, desto sch\u00f6ner ist es, aber das bedeutet nicht, dass es ges\u00fcnder, bequemer f\u00fcr den Hund und praktischer f\u00fcr den Besitzer ist. Langes Haar spaltet sich einfach (wir Menschen k\u00fcrzen auch die Enden). Auch im Sommer kann es einem Hund zu warm sein, und im Herbst ertr\u00e4gt er \u00c4ste, Disteln und wei\u00df Gott was sonst noch.<\/span><\/p>\n<p><span style=\"font-weight: 400;\">Siebtens: Schneiden Sie Ihren Hund f\u00fcr den Winter nicht zu kurz. Er wird erk\u00e4ltet sein und von hier bis zur Blasenentz\u00fcndung ist es wirklich nicht mehr weit.<\/span><\/p>\n<p><span style=\"font-weight: 400;\">Achtens: B\u00fcrsten Sie den Hund regelm\u00e4\u00dfig, so viel er braucht, damit es nicht zu gro\u00dfen Verfilzungen kommt. Je nach Felltyp 2-3 Mal pro Woche (bei manchen reicht auch einmal).<\/span><\/p>\n<p><span style=\"font-weight: 400;\">Neuntens: Verwenden Sie gute, bew\u00e4hrte B\u00fcrsten, die an den Haartyp und dessen Zustand angepasst sind (B\u00fcrsten f\u00fcr die t\u00e4gliche Pflege, B\u00fcrsten zum Ausk\u00e4mmen von Verfilzungen).<\/span><\/p>\n<p><span style=\"font-weight: 400;\">Zehntens: Trocknen Sie Ihr Haar nach jedem Bad. Lassen Sie sich nicht t\u00e4uschen, dass es Sommer ist und sie von selbst an der Luft trocknen. Haarstr\u00e4hnen, die von selbst trocknen, kr\u00e4useln sich und verkleben. Ungek\u00e4mmte Haare verfilzen nach dem Bad leider sehr schnell. K\u00e4mmen Sie Ihr Haar beim Trocknen. Mit einer solchen Behandlung gl\u00e4tten sich die Haare und werden kraus, aber alles normalisiert sich schnell wieder.<\/span><\/p>\n<p><span style=\"font-weight: 400;\">Elftens: Verwenden Sie gute Omega-3-, 6- und 9-Fetts\u00e4uren, die nicht nur das Fell Ihres Hundes sch\u00f6n und gl\u00e4nzend machen, sondern auch gut f\u00fcr die Knochenentwicklung sind. Ich habe damals das Nahrungserg\u00e4nzungsmittel EFFEKTRI SMALL DOG verwendet. Leider ist es nur im Ausland erh\u00e4ltlich (Niederlande, Finnland)<\/span><\/p>\n<h3><strong>Nun, ich habe fast 10 Gebote bekommen :-)<\/strong><\/h3>\n<p><span style=\"font-weight: 400;\">Die gute Nachricht ist, dass das Fell mit flei\u00dfiger Arbeit im Alter von etwa 3 Jahren wieder einfacher zu pflegen ist (vorausgesetzt, der Hund wurde nicht jedes Mal rasiert, wenn er verfilzt war, aber wir haben sein Welpenfell ordentlich geb\u00fcrstet). Nat\u00fcrlich wird es nie ein pflegeleichter Welpenmantel sein \u2013 da besteht kein Grund, sich etwas vorzumachen. Sicherlich wird es jedoch nicht so stark verfilzen wie beim Welpenhaaraustausch. Meine erwachsenen Hunde k\u00f6nnen zum Beispiel einmal im Monat geb\u00fcrstet werden.<\/span><\/p>\n<p><span style=\"font-weight: 400;\">Lassen Sie sich auch nicht einreden, dass sterilisierte und kastrierte Labradoodles die Struktur des Fells ver\u00e4ndern und es unkontrollierbar wird. Das ist gro\u00dfer Unsinn. Sowohl kastrierte als auch unkastrierte Hunde sind nach dem ersten Jahr schwierig zu halten. Ja, das ist es, war und wird sein. Ich habe viele Haare kastrierter Hunde gesehen und ber\u00fchrt und es gibt keinen Unterschied in ihrer Struktur im Vergleich zu nicht kastrierten Hunden.<\/span><\/p>\n<p><span style=\"font-weight: 400;\">Probleme mit den Haaren entstehen durch Vernachl\u00e4ssigung und nicht gewissenhaftes Befolgen der oben genannten Regeln. Woher wei\u00df ich das? Denn beim Selbstlernen habe ich die oben genannten Fehler gemacht und kann den Unterschied bei meinen \u201epers\u00f6nlichen\u201c Hunden erkennen.<\/span><\/p>\n<h3><strong>Und nun etwas zu den Werkzeugen, die ich verwende<\/strong><\/h3>\n<p><span style=\"font-weight: 400;\">Les Poochs (Acti vet) \u2013 Pudelb\u00fcrsten. Ich verwende Lila zum regelm\u00e4\u00dfigen B\u00fcrsten und Rot f\u00fcr verfilztes Haar. (Foto auf der Bar daneben)<\/span><\/p>\n<p><span style=\"font-weight: 400;\">Wie Sie sehen, gibt es diese Boxen in zwei Gr\u00f6\u00dfen und ich kann Ihnen nicht raten, welche besser ist. Warum kann ich nicht? Denn jeder wird auf etwas anderes achten.<\/span><\/p>\n<p><span style=\"font-weight: 400;\">Zuerst dachte ich, der kleinere Pinsel sei zu klein. Ich habe meine Hunde stundenlang geb\u00fcrstet.<\/span><\/p>\n<p><span style=\"font-weight: 400;\">Dann habe ich die gr\u00f6\u00dferen bekommen. Diese wiederum wirkten unhandlich. Ich konnte nicht \u00fcberall hinkommen. Sie sind hart, haben keinen beweglichen Kopf, es scheint mir, dass sie f\u00fcr den Hund \u201eaggressiv\u201c sind. Aber ich kenne Leute, die die gr\u00f6\u00dferen verwenden und sich nie von ihnen trennen w\u00fcrden.<\/span><\/p>\n<p><span style=\"font-weight: 400;\">F\u00fcr mich war der SLICKER BRUSH von Furmunator eine Zwischenl\u00f6sung (Foto auf der Leiste daneben). Es hat einen beweglichen Kopf und obwohl es gro\u00df ist, ist sein oberer Teil schmaler. F\u00fcr mich ist es cool, handlich und schnell k\u00e4mmbar. Jeder zuk\u00fcnftige Hundebesitzer bekommt von mir so eine B\u00fcrste. Ich habe jedoch eine Meinung von einer Person geh\u00f6rt, die von diesem Pudel nicht fasziniert war und Les Pooch bevorzugt.<\/span><\/p>\n<p><span style=\"font-weight: 400;\">Schere. Ich verwende die Scheren 82066 und 88080 von ROSE LINE seit Jahren und bin sehr zufrieden damit. Ich benutze sie in meinem Zwinger und sie haben eine wirklich lange Laufleistung ;) (Foto auf der Leiste daneben).<\/span><\/p>\n<p><span style=\"font-weight: 400;\">Rasierapparat. Der Rasierer, den ich verwende, ist ANDIS AGR+ (Foto auf der Leiste daneben), Keramikklinge Nummer 10. Die Laufleistung ist auch hoch, und ich habe die Klinge erst jetzt, nach 8 Jahren Arbeit, ausgetauscht :)<\/span><\/p>\n<p><span style=\"font-weight: 400;\">Haartrockner. Hier muss ich eine fantastische Ausr\u00fcstung empfehlen. Es hei\u00dft Doodle Booster (Barfoto). Perfekt f\u00fcr Spazierg\u00e4nge im Schlamm und Sand. Im Handumdrehen entfernt es Sand von den Beinen und dem Bauch des Hundes. Es eignet sich auch hervorragend zur Vermeidung von Verfilzungen.<\/span><\/p>\n<p><span style=\"font-weight: 400;\">Die Argumente dagegen: hoher Preis und L\u00e4rm. Da es sich um ein lautes Ger\u00e4t handelt, m\u00fcssen sich Hunde relativ fr\u00fch daran gew\u00f6hnen.<\/span><\/p>\n<p><span style=\"font-weight: 400;\">Doodle Booster ist gro\u00dfartig, aber nat\u00fcrlich kein Muss. Nicht jeder muss eine solche Ausr\u00fcstung besitzen. Ich empfehle es denen, die mehr Hunde haben und denen es einfach schwerf\u00e4llt, sich um einen Hund zu k\u00fcmmern, der beim Spaziergang viel Sand und Schlamm auf sein langes Fell bringt.<\/span><\/p>\n<p><span style=\"font-weight: 400;\">Um ehrlich zu sein, habe ich jahrelang einen gew\u00f6hnlichen \u201emenschlichen\u201c Haartrockner verwendet, um meinen Hund nach dem Baden zu trocknen. Ja, es dauert dann viel l\u00e4nger als mit einem Trockner, der normalerweise f\u00fcr Hunde entwickelt wurde, aber es funktioniert auch.<\/span><\/p>\n<p><span style=\"font-weight: 400;\">Der neueste Trend ist die von einem niederl\u00e4ndischen Z\u00fcchter erfundene automatische B\u00fcrste. Dies ist eine B\u00fcrste, die f\u00fcr australisches Labradoodle-Haar entwickelt wurde. Da ich es pers\u00f6nlich nicht habe, habe ich ausl\u00e4ndische Kunden konsultiert, die es nutzen. Und wie immer sind die Meinungen geteilt. Manche Leute lieben es und w\u00fcrden sich nie davon trennen, und manche haben es einfach verkauft ;) Es eignet sich besonders gut f\u00fcr langes Haar, nicht unbedingt f\u00fcr kurzes Haar. Manche Ecken und Winkel erreicht dieser gro\u00dfe Pinsel nat\u00fcrlich nicht, weil er einfach unpraktisch ist und man dann einen anderen Pinsel verwenden muss.<\/span><\/p>\n<h3><strong>Fellpflegemittel?<\/strong><\/h3>\n<p><span style=\"font-weight: 400;\">Ich empfehle PSH-Pflegeprodukte und den fantastischen ARTERO-Conditioner<\/span><\/p>\n<p><span style=\"font-weight: 400;\">Ein sch\u00f6nes Mittel, das Allergikern hilft, ist PENTALCLEANSE (Foto auf der Leiste daneben). Die Reinigungsfl\u00fcssigkeit f\u00fcr Katzen und Kleintiere zur Vorbeugung von Allergien beim Menschen ist ein Produkt, das Fel D1-Sensibilisierungsmittel und abgebl\u00e4tterte Epidermis aus dem Fell entfernt.<\/span><\/p>\n<p><span style=\"font-weight: 400;\">Ich empfehle auch das Buch meines Freundes \u00fcber die Pflege von Labradoodles<\/span><\/p>\n<p><span style=\"font-weight: 400;\">\u201eFrom Scruffy to Lovely\u201c von Wanda Klomp \u2013 englische Version. Wanda f\u00fchrt auch professionelle Fellpflege-Workshops f\u00fcr australische Labradoodle-Besitzer durch.<\/span><\/p>\n<p><span style=\"font-weight: 400;\">Wie trimmen Sie nun Ihren Hund? Ich sage es so, es gibt im Internet verschiedene Bilder mit dem genauen Muster. Auf meiner Website m\u00f6chte ich mich jedoch darauf konzentrieren, wie man das Fell eines Hundes so trimmt und pflegt, dass er sich darin wohlf\u00fchlt.<\/span><\/p>\n<h3><strong>Kopf<\/strong><\/h3>\n<p><span style=\"font-weight: 400;\">Wir erinnern uns an das Trimmen der M\u00e4hne, da die M\u00e4hne, die \u00fcber die Augen f\u00e4llt, die Sicht des Hundes einschr\u00e4nkt. Wenn wir mit dem Trimmen zu lange warten, f\u00e4ngt der Hund an, mehr mit der Nase zu arbeiten, und nachdem er die Haare entfernt hat, hat er pl\u00f6tzlich Angst vor der Welt. Leider muss der Hund insbesondere in der Phase der Sozialisierung und des Erwachsenwerdens verschiedene visuelle Reize sehen und sich darauf einstellen. Haare wachsen auch von der Schnauze in Richtung Augen \u2013 diese sollten regelm\u00e4\u00dfig getrimmt werden. Dem Kopf sollte eine runde Form gegeben werden, wobei nicht nur der Pony, sondern auch die Haare an den Ohren und der Bart gestutzt werden sollten. St\u00e4ndig feuchte Ohren und eine warme, feuchte Schnauze (vom Einweichen in einer Sch\u00fcssel mit Wasser) sind ein gro\u00dfartiger Lebensraum f\u00fcr Hefepilze.<\/span><\/p>\n<p><span style=\"font-weight: 400;\">Damit die Ohren bel\u00fcftet werden, empfiehlt es sich, den Streifen, der von Ohr zu Ohr durch den Hals verl\u00e4uft, mit einem Rasierer zu rasieren. Ein solches Verfahren beeintr\u00e4chtigt nicht das Aussehen des Hundes, sorgt aber f\u00fcr eine ordnungsgem\u00e4\u00dfe Luftzirkulation.<\/span><\/p>\n<p><span style=\"font-weight: 400;\">Haare in den Ohren \u2013 ACHTUNG \u2013 wir rei\u00dfen sie nicht aus! Ja, wir zupfen nicht! Entgegen der allgemein bekannten Ansicht von Tier\u00e4rzten und Hundefriseuren. Da sind ein paar Haare im Ohr. Vielleicht ist es der Schutz vor Mikroorganismen?<\/span><\/p>\n<p><span style=\"font-weight: 400;\">Ich kenne viele Wiedehopfe, die sich Ohrenentz\u00fcndungen zugezogen haben, nachdem ihnen die Haare ausgerissen wurden. Mein Onyxe hat manchmal ein Dickicht, das sich verheddert, dann gebe ich es zu, ich schneide es ein bisschen, aber ich ziehe es nie heraus.<\/span><\/p>\n<p><span style=\"font-weight: 400;\">Wir reinigen die Ohren des Hundes nicht jede Woche. Ohren sollten bei Verschmutzung gewaschen werden. Reinigen Sie das Au\u00dfenohr \u2013 den h\u00e4ngenden Teil. Sie m\u00fcssen nicht tief graben. Ich habe selbst erfahren, dass die Hunde, die ich gewaschen habe, oft Probleme mit den Ohren hatten. Bei anderen Hunden, die in meinen Zwinger kamen, verhielt ich mich anders. Und so hatte Onyxe (9 Jahre alt) nie eine Mittelohrentz\u00fcndung, er hat Dickichte und B\u00fcsche in seinen Ohren, und ich habe sie vielleicht acht Mal in meinem Leben gereinigt. Und das nicht, weil ich faul bin, sondern weil es einfach keinen Bedarf gab.<\/span><\/p>\n<p><span style=\"font-weight: 400;\">Karamell Ich habe meine Ohren einmal pro Woche \u00fcberm\u00e4\u00dfig eifrig gereinigt und diese Ohren ... nun, sie sind problematisch und Hefe kommt mehrmals im Jahr zur\u00fcck.<\/span><\/p>\n<p><span style=\"font-weight: 400;\">Ein gutes Ohrenmittel ist CUE (kann in einer normalen Apotheke gekauft werden). Ich verwende es, wenn das Ohr schmutzig wird (2 Tropfen in jedes Ohr zweimal pro Woche). Hinweis: Kann nicht auf das durch die Reinigung gereizte Ohr aufgetragen werden.<\/span><\/p>\n<p><span style=\"font-weight: 400;\">Leiste. Es ist in Ordnung, die Leistengegend Ihres Hundes zu rasieren. Die Gliedma\u00dfen, die an Brust und Bauch reiben, verwirren das Fell an diesen Stellen einfach. Die Verfilzungen ziehen an der Haut, es tut dem Hund weh.<\/span><\/p>\n<p><span style=\"font-weight: 400;\">Pfoten und Krallen sollten regelm\u00e4\u00dfig gek\u00fcrzt werden. Haare zwischen den Spitzen sollten gek\u00fcrzt werden. Besonders im Winter, wenn an diesen Stellen Schneeb\u00e4lle h\u00e4ngen bleiben. Dann f\u00e4llt es dem Hund schwer, zu laufen. Manche Menschen schneiden die Haare an ihren Pfoten sehr kurz wie Pudel (Foto unten).<\/span><\/p>\n<p><span style=\"font-weight: 400;\">Das Fell sollte \u00fcber die gesamte L\u00e4nge regelm\u00e4\u00dfig gek\u00fcrzt werden \u2013 an den Gliedma\u00dfen darf es etwas l\u00e4nger sein. K\u00fcrzere Haare sind eine Annehmlichkeit f\u00fcr den Hund und den Besitzer. Sie nehmen dem Charme des Hundes \u00fcberhaupt keinen Abbruch. \u00dcberzeugen Sie sich selbst:<\/span><\/p>\n<p>[\/et_pb_text][dmg_masonry_gallery gallery=\u201c5010,4983,4973,4885,4832,4825\u2033 gutter=\u201c3\u2033 modal_title=\u201cin_title\u201c hover_overlay_effect=\u201coverlay_image_data\u201c overlay_title_size=\u201c19px\u201c overlay_title_color=\u201c#FFFFFF\u201c show_overlay _caption=\u201c off \u201d overlay_caption_size=\u201c14px\u201c pagination_buttons_background=\u201cRGBA(255,255,255,0)\u201c pagination_buttons_background_active=\u201c#bcb840\u2033 columns_tablet=\u201c3\u2033 columns_phone=\u201c3\u2033 columns_last_edited=\u201con|desktop\u201c _builder_version=\u201c4.16 .0\u201c _ module_preset=\u201cdefault \u201d pagination_text_color=\u201c#bcb840\u2033 pagination_font_size=\u201c12px\u201c pagination_active_text_color=\u201c#71615b\u201c pagination_active_font_size=\u201c12px\u201c hover_enabled=\u201c0\u2033 border_radii_image=\u201con|12px|12px|12px|12px\u201c border_radii_p agination =\u201con|6px|6px|6px |6px \u201d border_radii_pagination_active=\u201con|6px|6px|6px|6px\u201c box_shadow_style_pagination=\u201cpreset1\u2033 global_colors_info=\u201c{}\u201c theme_builder_area=\u201cpost_content\u201c sticky_enabled=\u201c0\u2033][\/dmg_masonry_gallery][\/et_pb_column][\/et_pb_row] [\/et_pb_section]<\/p>","protected":false},"excerpt":{"rendered":"<p>Fellpflege Fell des australischen Labradoodles Das Fell des australischen Labradoodles begegnete ich zum ersten Mal im Jahr 2008 in Australien, als ich f\u00fcnf Wochen im Rutland Manor Kennel verbrachte. Als ich Beverleys Hunde b\u00fcrstete, fragte ich mich, wie ein Hund so lange wachsen konnte? Das K\u00e4mmen dauerte mehrere Stunden am Tag, ein Kn\u00e4uel nach dem anderen. Dann bekam ich meinen ersten Welpen von [\u2026]<\/p>","protected":false},"author":2,"featured_media":0,"parent":0,"menu_order":0,"comment_status":"open","ping_status":"open","template":"","meta":{"_et_pb_use_builder":"on","_et_pb_old_content":"","_et_gb_content_width":"","footnotes":""},"class_list":["post-3471","page","type-page","status-publish","hentry"],"_links":{"self":[{"href":"https:\/\/labradoodle.pl\/de\/wp-json\/wp\/v2\/pages\/3471","targetHints":{"allow":["GET"]}}],"collection":[{"href":"https:\/\/labradoodle.pl\/de\/wp-json\/wp\/v2\/pages"}],"about":[{"href":"https:\/\/labradoodle.pl\/de\/wp-json\/wp\/v2\/types\/page"}],"author":[{"embeddable":true,"href":"https:\/\/labradoodle.pl\/de\/wp-json\/wp\/v2\/users\/2"}],"replies":[{"embeddable":true,"href":"https:\/\/labradoodle.pl\/de\/wp-json\/wp\/v2\/comments?post=3471"}],"version-history":[{"count":17,"href":"https:\/\/labradoodle.pl\/de\/wp-json\/wp\/v2\/pages\/3471\/revisions"}],"predecessor-version":[{"id":5466,"href":"https:\/\/labradoodle.pl\/de\/wp-json\/wp\/v2\/pages\/3471\/revisions\/5466"}],"wp:attachment":[{"href":"https:\/\/labradoodle.pl\/de\/wp-json\/wp\/v2\/media?parent=3471"}],"curies":[{"name":"wp","href":"https:\/\/api.w.org\/{rel}","templated":true}]}}