{"id":3468,"date":"2018-03-07T22:14:11","date_gmt":"2018-03-07T21:14:11","guid":{"rendered":"https:\/\/labradoodle.pl\/?p=3468"},"modified":"2022-04-07T13:26:58","modified_gmt":"2022-04-07T11:26:58","slug":"organizacje-zrzeszajace","status":"publish","type":"page","link":"https:\/\/labradoodle.pl\/de\/organizacje-zrzeszajace\/","title":{"rendered":"Zugeh\u00f6rige Organisationen"},"content":{"rendered":"<p>[et_pb_section fb_built=\u201c1\u2033 _builder_version=\u201c4.16\u2033 global_colors_info=\u201c{}\u201c][et_pb_row _builder_version=\u201c4.16\u2033 background_size=\u201cinitial\u201c background_position=\u201ctop_left\u201c background_repeat=\u201crepeat\u201c global_colors_info=\u201c{}\u201c][et_pb_column type=\u201c4_4\u2033 _builder_version=\u201c4.16\u2033 custom_padding=\u201c|||\u201c global_colors_info=\u201c{}\u201c custom_padding__hover=\u201c|||\u201c][et_pb_text _builder_version=\u201c4.16\u2033 text_font=\u201c|300|||||||\u201c text_font_size=\u201c18\u2033 global_colors_info=\u201c{}\u201c]<\/p>\n<h1><strong>Meine Zuchthunde und ihre Nachkommen sind bei den Organisationen ALFA-EUROPE und ALFA-POLAND registriert<\/strong><\/h1>\n<p>&nbsp;<\/p>\n<p><span style=\"font-weight: 400;\">Die Einsichtigen wissen wahrscheinlich, dass es viele Organisationen gibt, die den australischen Labradoodle in Verbindung bringen. So viele und mit so \u00e4hnlichen Namen, dass es manchmal wirklich schwierig ist, den \u00dcberblick zu behalten.<\/span><\/p>\n<p><span style=\"font-weight: 400;\">Es ist nicht der Zweck dieses Artikels, sie namentlich zu erw\u00e4hnen und zu vergleichen, ich m\u00f6chte niemandem Werbung f\u00fcr schwarze Menschen machen oder ihnen gegen\u00fcber schwarze PR betreiben.<\/span><\/p>\n<p><span style=\"font-weight: 400;\">Wie ich in einem anderen Artikel geschrieben habe, wurden nicht alle dieser Organisationen mit dem noblen Ziel gegr\u00fcndet, einen sauberen, generationen\u00fcbergreifenden und allergikerfreundlichen Arbeitshund zu f\u00f6rdern. Mitglieder verlie\u00dfen einige der Organisationen und gr\u00fcndeten andere, um schnell Profit zu machen. Nun ja, nicht nur ein Pole plant...<\/span><\/p>\n<p>[\/et_pb_text][dmg_masonry_gallery gallery=\u201c5201,5167,5195,5164,5153,5138\u2033 gutter=\u201c3\u2033 modal_title=\u201cin_title\u201c hover_overlay_effect=\u201coverlay_image_data\u201c overlay_title_size=\u201c19px\u201c overlay_title_color=\u201c#FFFFFF\u201c show_overlay _caption=\u201c off \u201d overlay_caption_size=\u201c14px\u201c pagination_buttons_background=\u201cRGBA(255,255,255,0)\u201c pagination_buttons_background_active=\u201c#bcb840\u2033 columns_tablet=\u201c2\u2033 columns_phone=\u201c2\u2033 columns_last_edited=\u201con|desktop\u201c _builder_version=\u201c4.16 .0\u201c _ module_preset=\u201cdefault \u201d pagination_text_color=\u201c#bcb840\u2033 pagination_font_size=\u201c12px\u201c pagination_active_text_color=\u201c#71615b\u201c pagination_active_font_size=\u201c12px\u201c hover_enabled=\u201c0\u2033 border_radii_image=\u201con|12px|12px|12px|12px\u201c border_radii_p agination =\u201con|6px|6px|6px |6px &quot;Border_radii_pagination_active =&quot; on | 6px | 6px | 6px | 6px &quot;box_shadow_style_pagination =&quot; Preset1) global_colors_info = &quot;{}&quot; theme_builder_area = &quot;post_content&quot; sticky_enabled = &quot;0 \u2033] [ ry_gallery] [\/et_pb_column] [\/et_pb_row] [ et_pb_row _builder_version=\u201c4.16\u2033 background_size=\u201cinitial\u201c background_position=\u201ctop_left\u201c background_repeat=\u201crepeat\u201c global_colors_info=\u201c{}\u201c][et_pb_column type=\u201c4_4\u2033 _builder_version=\u201c4.16\u2033 custom_padding=\u201c|||\u201c global_colors_info=\u201c{}\u201c custom_padding__hover=\u201c|||\u201c][et_pb_text _builder_version=\u201c4.16\u2033 text_font_size=\u201c18\u2033 global_colors_info=\u201c{}\u201c]<\/p>\n<h3>Organisationen<\/h3>\n<p>&nbsp;<\/p>\n<p><span style=\"font-weight: 400;\">Ich erinnere mich an die Situation, als 2012 ein neues Tierschutzgesetz in Kraft trat, nach dem nur Tiere gez\u00fcchtet und gewinnbringend verkauft werden durften, die in der nationalen Organisation registriert waren. Und was ist dann passiert? Es entstanden massenhaft Vereine zur Registrierung von Hunden und Katzen, die gestern noch Mischlinge waren, die auf dem Markt f\u00fcr ein oder zwei Hundert verkauft wurden. Dann hat ein so stolzer Z\u00fcchter den Preis offensichtlich auf 2.000 erh\u00f6ht \u2013 denn was, denn jetzt hat er einen Stammbaum, oder? Aber Stammbaum und Stammbaum von wem\/was? Nun, wir wissen es nicht. Der Punkt ist, dass der Kunde zufrieden ist, weil er das Papier in der Hand hat. Erst mit diesem Papier ging er dann zur ZwKP und dort wunderte er sich, dass der Hund kein Melderecht hatte. Im Ernst, das denken die Leute. Und was f\u00fcr ein beleidigter Mann kam heraus, dass er den Hund nicht registrieren konnte und der Stammbaum dennoch MA war.<\/span><\/p>\n<p><span style=\"font-weight: 400;\">Das Gleiche geschah mit den australischen Labradoodles. Es wurden Organisationen gegr\u00fcndet, die Labradoodles verschiedener Generationen registrieren \u2013 diese Multigene und die F1 (Mama ist Labrador und Papa ist Pudel oder umgekehrt). Oder noch besser: Organisationen, die die Verpaarung von Labradoodles mit Rassen wie Wheaten, Pudel oder Cocker Spaniel erm\u00f6glichen. Und alles w\u00e4re gut, wenn es die Menschen nicht in die Irre f\u00fchren w\u00fcrde. Wenn diese Z\u00fcchter offen sagen w\u00fcrden: \u201eSehen Sie, der Preis ist viel niedriger, aber man kann nicht erwarten, dass der Hund nicht mausert, sensibilisiert und im Grunde wei\u00df man nicht einmal, wie er als erwachsener Hund aussehen und sich verhalten wird.\u201c Wie kann ein solcher Z\u00fcchter die Auswirkungen der Hybridisierung kennen? Viele von ihnen zeigen stolz Ahnentafeln mit sch\u00f6nen, ausgefallenen Namen, aber woher wissen Sie, welcher Rasse all diese Hunde auf dem Papier angeh\u00f6rten?<\/span><\/p>\n<p>&nbsp;<\/p>\n<h3>Was f\u00fcr ein Stammbaum<\/h3>\n<p>&nbsp;<\/p>\n<p><span style=\"font-weight: 400;\">Oder noch besser: Sobald ich einen Stammbaum habe (ich werde nicht sagen, von wem, aber von einem sehr bekannten Z\u00fcchter in der Labradoodle-Welt), schaue ich mir die 4. Generation der H\u00fcndin \u201eUNBEKANNT\u201c an. WORUM GEHT ES? Wenn Sie es nicht wissen, wissen Sie wahrscheinlich, was es ist.<\/span><\/p>\n<p><span style=\"font-weight: 400;\">Ich habe bereits mit mehreren solchen Familien gesprochen: \u201eIch wusste es nicht\u201c, \u201eEs sollte ein Labradoodle sein\u201c, \u201eIch musste es im Tierheim abgeben\u201c, \u201eBitte helfen Sie, mein Labradoodle hat ein Problem mit \u2026\u201c .&quot;<\/span><\/p>\n<p><span style=\"font-weight: 400;\">Daher ist es notwendig, die Organisation, aus der wir unseren Welpen aufnehmen m\u00f6chten, gr\u00fcndlich zu r\u00f6ntgen. Erlaubt die Organisation die Verpaarung von Labradoodles mit anderen Rassen? Wenn ja, woher wei\u00df ich, wann ich meinen Hund adoptiere?<\/span><\/p>\n<p><span style=\"font-weight: 400;\">Das n\u00e4chste, worauf ich bestehen werde, ist ein DNA-Test f\u00fcr jeden einzelnen Welpen. Warum? Denn Sie m\u00fcssen wissen, ob sein Vater und seine Mutter die vom Z\u00fcchter angegebenen Hunde sind. Die Organisation sollte dies von ihren Mitgliedern VERLANGEN. Andernfalls kann es vorkommen, dass der Vater der einen H\u00e4lfte des Wurfes der eine Herr ist und die andere H\u00e4lfte der andere.<\/span><\/p>\n<p><span style=\"font-weight: 400;\">Verlassen Sie sich nicht auf die Ehrlichkeit des Z\u00fcchters, sonst verrechnen Sie sich einfach. In einigen L\u00e4ndern ist die Paarung mit zwei M\u00e4nnchen ERLAUBT. Ich selbst war Zeuge einer Situation, in der ein Zuchthund aus AUSTRALIEN (ich werde den Z\u00fcchter nicht erw\u00e4hnen) in die Niederlande flog. Der Z\u00fcchter wollte trotz der Tatsache, dass er mit zwei verschiedenen R\u00fcden gez\u00fcchtet hatte, keine DNA-Tests durchf\u00fchren, weil er entschied, dass ..... ACHTUNG .... er wei\u00df, wer der Vater dieses Welpen ist, denn das kann sein gesehen. ERNSTHAFT? Viele Jahre Praxis, das verstehe ich ... Am Ende waren die Tests nach den gro\u00dfen Erfolgen abgeschlossen, aber k\u00f6nnen Sie sich eine Situation vorstellen, in der ein Z\u00fcchter einen Deckhengst ungewisser Herkunft verwendet? Was ist es? Das Lebensmittelgesch\u00e4ft, in das ich gehe, und Sie wissen nicht, ob es polnischer oder chinesischer Knoblauch ist (?) \u2026. Auch ich verliere langsam den Verstand.<\/span><\/p>\n<p>&nbsp;<\/p>\n<h3>Alfa-Europe und Zusammenarbeit mit Australien<\/h3>\n<p>&nbsp;<\/p>\n<p><span style=\"font-weight: 400;\">Im Jahr 2014 begann ALFA-Europe eine Zusammenarbeit mit der australischen Organisation FCI. Ziel dieser Zusammenarbeit war es, B\u00fccher zu erstellen und australische Labradoodles \u00fcberhaupt erst in dem Land, aus dem sie stammen, als Rassehunde aufzunehmen. Es war ein langer und holpriger Weg. Zahlreiche Treffen, Absprachen, was und wie. Arbeit an Zuchtregeln und Ethikkodex. Infolgedessen stellte sich heraus, dass die Organisation von den bisherigen Vereinbarungen zur\u00fccktritt und dennoch:<\/span><\/p>\n<ol>\n<li><span style=\"font-weight: 400;\"> Erlaubte Registrierung der ersten Generationen (F1)<\/span><\/li>\n<li><span style=\"font-weight: 400;\"> Es gab den Z\u00fcchtern freie Hand, ob sie DNA-Tests durchf\u00fchren wollten oder nicht<\/span><\/li>\n<\/ol>\n<p><span style=\"font-weight: 400;\">Da eine solche Situation f\u00fcr ALFA Europe einen R\u00fcckschritt darstellte, haben wir uns aus der Zusammenarbeit mit dieser Organisation zur\u00fcckgezogen.<\/span><\/p>\n<p><span style=\"font-weight: 400;\">Die Organisation ging sogar so weit, den Namen der Hunderasse zu \u00e4ndern und entschied, dass diese echten \u201eAustralian Labradoodles\u201c (jetzt unter einem anderen Namen) von nun an mit SOFT COATED IRISH WHEATEN r\u00fcckgekreuzt werden. Andere sind nicht mehr \u201eecht\u201c (naja, es sei denn, sie wurden schon vor einiger Zeit registriert, k\u00f6nnen sie immer noch als echt betrachtet werden).<\/span><\/p>\n<p><span style=\"font-weight: 400;\">Kann man sich im Informationsdschungel verlieren? Ich wei\u00df, ich erinnere mich an die Anf\u00e4nge meines Weges und je tiefer ich jetzt f\u00fchle, desto mehr tun mir neue K\u00e4ufer leid, die gerne verl\u00e4ssliche Informationen sammeln m\u00f6chten. Es tut mir leid, aber jeder von uns muss seine \u201eHausaufgaben\u201c machen und seinen Z\u00fcchter gut r\u00f6ntgen.\u00a0<\/span><\/p>\n<p>[\/et_pb_text][\/et_pb_column][\/et_pb_row][\/et_pb_section]<\/p>","protected":false},"excerpt":{"rendered":"<p>Meine Zuchthunde und ihre Nachkommen sind bei den Organisationen ALFA-EUROPE und ALFA-POLAND registriert. Kluge Leute wissen wahrscheinlich, dass es viele Organisationen gibt, die australische Labradoodles verbinden. So viele und mit so \u00e4hnlichen Namen, dass es manchmal wirklich schwierig ist, alles zu verstehen. Es ist nicht der Zweck dieses Artikels, sie namentlich zu nennen und zu vergleichen, ich m\u00f6chte nicht, dass [...]<\/p>","protected":false},"author":2,"featured_media":0,"parent":0,"menu_order":0,"comment_status":"open","ping_status":"open","template":"","meta":{"_et_pb_use_builder":"on","_et_pb_old_content":"","_et_gb_content_width":"","footnotes":""},"class_list":["post-3468","page","type-page","status-publish","hentry"],"_links":{"self":[{"href":"https:\/\/labradoodle.pl\/de\/wp-json\/wp\/v2\/pages\/3468","targetHints":{"allow":["GET"]}}],"collection":[{"href":"https:\/\/labradoodle.pl\/de\/wp-json\/wp\/v2\/pages"}],"about":[{"href":"https:\/\/labradoodle.pl\/de\/wp-json\/wp\/v2\/types\/page"}],"author":[{"embeddable":true,"href":"https:\/\/labradoodle.pl\/de\/wp-json\/wp\/v2\/users\/2"}],"replies":[{"embeddable":true,"href":"https:\/\/labradoodle.pl\/de\/wp-json\/wp\/v2\/comments?post=3468"}],"version-history":[{"count":13,"href":"https:\/\/labradoodle.pl\/de\/wp-json\/wp\/v2\/pages\/3468\/revisions"}],"predecessor-version":[{"id":5475,"href":"https:\/\/labradoodle.pl\/de\/wp-json\/wp\/v2\/pages\/3468\/revisions\/5475"}],"wp:attachment":[{"href":"https:\/\/labradoodle.pl\/de\/wp-json\/wp\/v2\/media?parent=3468"}],"curies":[{"name":"wp","href":"https:\/\/api.w.org\/{rel}","templated":true}]}}