{"id":2164,"date":"2013-03-26T13:24:39","date_gmt":"2013-03-26T12:24:39","guid":{"rendered":"https:\/\/www.wlochata-pasja.com.pl\/cookie-policy\/"},"modified":"2019-09-30T22:27:16","modified_gmt":"2019-09-30T20:27:16","slug":"polityka-prywatnosci","status":"publish","type":"page","link":"https:\/\/labradoodle.pl\/de\/polityka-prywatnosci\/","title":{"rendered":"Datenschutz-Bestimmungen"},"content":{"rendered":"<p>[et_pb_section fb_built=\u201c1\u2033 _builder_version=\u201c3.0.47\u201c][et_pb_row _builder_version=\u201c3.19.11\u2033 background_size=\u201cinitial\u201c background_position=\u201ctop_left\u201c background_repeat=\u201crepeat\u201c][et_pb_column type=\u201c2_3\u2033 _builder_version=\u201c 3.0.47\u2033 parallax=\u201coff\u201c parallax_method=\u201con\u201c][et_pb_text _builder_version=\u201c3.2.2\u2033 text_font_size=\u201c18\u2033]<\/p>\n<h2 class=\"headline font-special fontsize-l fontweight-700 lh-inherit align-left transform-uppercase\">Cookie-Richtlinie<\/h2>\n<div class=\"divider divider5\"><\/div>\n<div class=\"wpb_text_column wpb_content_element\">\n<div class=\"wpb_wrapper\">\n<h1 class=\"entry-title main_title\"><span style=\"font-size: 18px; color: #666666; font-weight: 500;\">Die Website www.labradoodle.pl kann Cookies (sog. \u201eCookies\u201c) verwenden.<\/span><\/h1>\n<div class=\"entry-content\">\n<p>Cookies sind von Servern auf dem Endger\u00e4t des Nutzers gespeicherte Informationen, die der Server bei jeder Verbindung mit diesem Endger\u00e4t lesen kann. Cookies enthalten in der Regel den Namen der Website, von der sie stammen, ihre Speicherdauer auf dem Endger\u00e4t und eine eindeutige Nummer.<\/p>\n<p><strong>Cookies werden verwendet, um:<\/strong><\/p>\n<ul>\n<li>Anpassung des Inhalts der Website-Seiten an die Pr\u00e4ferenzen des Benutzers und Optimierung der Nutzung von Websites; Diese Dateien erm\u00f6glichen es insbesondere, das Ger\u00e4t des Website-Benutzers zu erkennen und die Website entsprechend seinen individuellen Bed\u00fcrfnissen korrekt anzuzeigen.<\/li>\n<li>Erstellung von Statistiken, die helfen zu verstehen, wie Website-Benutzer Websites nutzen, was eine Verbesserung ihrer Struktur und ihres Inhalts erm\u00f6glicht;<\/li>\n<li>Aufrechterhaltung der Sitzung des Website-Benutzers (nach der Anmeldung), wodurch der Benutzer nicht auf jeder Unterseite der Website erneut seinen Benutzernamen und sein Passwort eingeben muss;<\/li>\n<\/ul>\n<p><strong>Auf der Website k\u00f6nnen folgende Arten von Cookies verwendet werden:<\/strong><\/p>\n<ul>\n<li>\u201enotwendige\u201c Cookies, die die Nutzung der auf der Website verf\u00fcgbaren Dienste erm\u00f6glichen, z. B. Authentifizierungscookies, die f\u00fcr Dienste verwendet werden, die eine Authentifizierung auf der Website erfordern;<\/li>\n<li>Cookies, die zur Gew\u00e4hrleistung der Sicherheit verwendet werden, z. B. zur Erkennung von Betrug im Bereich der Authentifizierung innerhalb der Website;<\/li>\n<li>\u201eLeistungs\u201c-Cookies, die das Sammeln von Informationen dar\u00fcber erm\u00f6glichen, wie die Seiten der Website genutzt werden;<\/li>\n<li>\u201eFunktionale\u201c Cookies, die es erm\u00f6glichen, sich die vom Benutzer gew\u00e4hlten Einstellungen zu \u201emerken\u201c und die Benutzeroberfl\u00e4che zu personalisieren, z. B. in Bezug auf die ausgew\u00e4hlte Sprache oder Region, aus der der Benutzer kommt, Schriftgr\u00f6\u00dfe, Erscheinungsbild der Website usw.<\/li>\n<\/ul>\n<p>Website-Benutzer k\u00f6nnen die Cookie-Einstellungen \u00e4ndern. Diese Einstellungen k\u00f6nnen insbesondere so ge\u00e4ndert werden, dass die automatische Verarbeitung von Cookies in den Webbrowser-Einstellungen blockiert wird oder dass Sie \u00fcber jede Platzierung auf dem Ger\u00e4t des Website-Benutzers informiert werden. Detaillierte Informationen zu den M\u00f6glichkeiten und Umgangsweisen mit Cookies erhalten Sie in den Einstellungen Ihres Webbrowsers.<\/p>\n<p>Verwalten von Cookies und Website-Daten in einzelnen Browsern:<\/p>\n<p>im Browser\u00a0<a href=\"http:\/\/support.google.com\/chrome\/bin\/answer.py?hl=pl&amp;answer=95647\" target=\"_blank\" rel=\"noopener\">Chrom<\/a><\/p>\n<p>im Browser\u00a0<a href=\"http:\/\/support.mozilla.org\/pl\/kb\/ciasteczka?esab=a&amp;s=wy%C5%82%C4%85cz+ciasteczka&amp;r=0&amp;as=s\" target=\"_blank\" rel=\"noopener\">Feuerfuchs<\/a><\/p>\n<p>im Browser\u00a0<a href=\"http:\/\/windows.microsoft.com\/pl-pl\/windows7\/block-enable-or-allow-cookies\" target=\"_blank\" rel=\"noopener\">Internet Explorer<\/a><\/p>\n<p>im Browser\u00a0<a href=\"http:\/\/help.opera.com\/Windows\/12.10\/pl\/cookies.html\" target=\"_blank\" rel=\"noopener\">Oper<\/a><\/p>\n<p>im Browser\u00a0<a href=\"http:\/\/support.apple.com\/kb\/PH5042?viewlocale=en_US&amp;locale=en_US\" target=\"_blank\" rel=\"noopener\">Safari<\/a><\/p>\n<p>Weitere Informationen zu Cookies finden Sie auch unter\u00a0<a href=\"http:\/\/wszystkoociasteczkach.pl\/\" target=\"_blank\" rel=\"noopener\">http:\/\/wszystkoociasteczkach.pl\/<\/a>.<\/p>\n<p>Der Websitebetreiber weist darauf hin, dass Einschr\u00e4nkungen bei der Verwendung von Cookies einige der auf der Website verf\u00fcgbaren Funktionalit\u00e4ten beeintr\u00e4chtigen k\u00f6nnen.<\/p>\n<p>Die Einf\u00fchrung des Verfahrens zur Einholung der Einwilligung zur Verwendung von Cookies ergibt sich aus den Bestimmungen des ge\u00e4nderten Telekommunikationsgesetzes, das am 22. M\u00e4rz 2013 in Kraft getreten ist.<\/p>\n<\/div>\n<p>&nbsp;<\/p>\n<\/div>\n<\/div>\n<div class=\"spacer\"><\/div>\n<h2 class=\"headline font-special fontsize-l fontweight-700 lh-inherit align-left transform-uppercase\">Schutz personenbezogener Daten<\/h2>\n<div class=\"divider divider5\"><\/div>\n<div class=\"wpb_text_column wpb_content_element\">\n<div class=\"wpb_wrapper\">\n<p><strong>LOGI<\/strong><\/p>\n<p>Bei der Nutzung der Website werden Anfragen an den Server gesendet, auf dem sich die Website befindet. Jede an den Server gerichtete Anfrage wird in Protokollen gespeichert, die unter anderem Folgendes enthalten: IP-Adresse, Datum und Uhrzeit des Servers, Informationen \u00fcber den von Ihnen verwendeten Webbrowser und das Betriebssystem. Die in den Serverprotokollen gespeicherten Daten sind nicht einer bestimmten Person zugeordnet und stellen lediglich Hilfsmaterial f\u00fcr die Verwaltung dar. Ihr Inhalt wird niemandem mitgeteilt, au\u00dfer den Personen, die zur Verwaltung des Servers bei Kei.pl berechtigt sind.<\/p>\n<p><strong style=\"font-size: 18px;\">NEWSLETTER<\/strong><\/p>\n<p>Wenn Sie der Verarbeitung von Daten f\u00fcr andere Zwecke, z. B. Marketing und Versand kommerzieller Informationen, zustimmen, werden diese nur zum Versenden von Informations-E-Mails von der Website \u201eI am Interactive\u201c verwendet. Diese Daten werden im HubSpot-System gespeichert. Andere Dritte haben keinen Zugriff darauf.<\/p>\n<p><strong>KOMMENTARE\u00a0<\/strong><\/p>\n<p>Wenn Sie einen Kommentar zu einem Artikel auf meiner Website hinterlassen, werden die angegebenen Daten nicht f\u00fcr Marketingzwecke verwendet. Diese Daten werden in WordPress auf dem Server von Kei.pl gespeichert.<\/p>\n<p><strong>KONTAKT FORMULAR<\/strong><\/p>\n<p>Wenn Sie mir \u00fcber das Kontaktformular eine Nachricht senden, werden die angegebenen Daten nicht f\u00fcr die Anmeldung zum Newsletter verwendet, sondern ggf. f\u00fcr Marketingzwecke genutzt, sofern die Beantwortung Ihrer E-Mail dies erfordert. Diese Daten werden in meinem E-Mail-Postfach zum Zwecke der E-Mail-Verwaltung und der Zusendung einer E-Mail-Antwort auf Ihre Nachricht gespeichert. Dritte haben keinen Zugriff darauf.<\/p>\n<p>\u00a0<strong style=\"font-size: 18px;\">FREIWILLIGE DATENBERATUNG<\/strong><\/p>\n<p>Die Bereitstellung personenbezogener Daten f\u00fcr Marketing- und kommerzielle Zwecke ist freiwillig. Sie k\u00f6nnen jederzeit auf Ihre personenbezogenen Daten zugreifen, diese korrigieren und deren L\u00f6schung beantragen. Nehmen Sie dazu Kontakt mit mir auf oder bet\u00e4tigen Sie im Falle eines Newsletters den entsprechenden Abmeldelink in dem von mir versendeten Newsletter.<\/p>\n<p>Der Administrator der personenbezogenen Daten bin ich, Edyta Gajewska, Hodowla W\u0142ochyta Pasja mit Sitz in Rogo\u017anik, ul. Parkowa 20<\/p>\n<p>Der Administrator informiert den Benutzer hiermit dar\u00fcber, dass er die Verarbeitung personenbezogener Daten den folgenden Stellen anvertraut:<\/p>\n<ul>\n<li><span>HubSpot, Inc.\u00a0<\/span><span>25 First Street, 2. Stock,\u00a0<\/span><span>Cambridge, MA 02141 USA zur Speicherung von Kontaktdaten im CRM-System<\/span><\/li>\n<li>\n<p>KEI.PL Sp. z o.o. z o. o., ul. Zakopia\u0144ska 9, 30-418 Krakau, um Daten auf dem Server zu speichern<\/p>\n<\/li>\n<\/ul>\n<\/div>\n<\/div>\n<p>[\/et_pb_text][\/et_pb_column][et_pb_column type=\u201c1_3\u2033 _builder_version=\u201c3.0.47\u201c parallax=\u201coff\u201c parallax_method=\u201con\u201c][et_pb_gallery gallery_ids=\u201c4022,4023,4024,4025,4026\u2033 posts_number= \u201d5\u2033 show_title_and_caption=\u201coff\u201c zoom_icon_color=\u201c#bab723\u2033 _builder_version=\u201c3.0.105\u201c pagination_font_size_tablet=\u201c51\u201c pagination_line_height_tablet=\u201c2\u2033][\/et_pb_gallery][\/et_pb_column][\/et_pb_row][\/ et_pb _section]<\/p>","protected":false},"excerpt":{"rendered":"<p>Cookie-Richtlinie Die Website www.labradoodle.pl kann Cookies (sog. \u201eCookies\u201c) verwenden. Cookies sind Informationen, die von Servern auf dem Endger\u00e4t des Benutzers gespeichert werden und die die Server jedes Mal lesen k\u00f6nnen, wenn sie sich mit diesem Endger\u00e4t verbinden. Cookies enthalten in der Regel den Namen der Website, von der sie stammen, ihre Speicherdauer auf dem Endger\u00e4t und eine eindeutige Nummer. Es werden Cookies verwendet [\u2026]<\/p>","protected":false},"author":3,"featured_media":0,"parent":0,"menu_order":0,"comment_status":"closed","ping_status":"closed","template":"","meta":{"_et_pb_use_builder":"on","_et_pb_old_content":"This site uses cookies - small text files that are placed on your machine to help the site provide a better user experience. In general, cookies are used to retain user preferences, store information for things like shopping carts, and provide anonymised tracking data to third party applications like Google Analytics.\n\nAs a rule, cookies will make your browsing experience better. However, you may prefer to disable cookies on this site and on others. The most effective way to do this is to disable cookies in your browser. We suggest consulting the Help section of your browser or taking a look at <a href=\"http:\/\/www.aboutcookies.org\">the About Cookies website<\/a> which offers guidance for all modern browsers.","_et_gb_content_width":"","footnotes":""},"class_list":["post-2164","page","type-page","status-publish","hentry"],"_links":{"self":[{"href":"https:\/\/labradoodle.pl\/de\/wp-json\/wp\/v2\/pages\/2164","targetHints":{"allow":["GET"]}}],"collection":[{"href":"https:\/\/labradoodle.pl\/de\/wp-json\/wp\/v2\/pages"}],"about":[{"href":"https:\/\/labradoodle.pl\/de\/wp-json\/wp\/v2\/types\/page"}],"author":[{"embeddable":true,"href":"https:\/\/labradoodle.pl\/de\/wp-json\/wp\/v2\/users\/3"}],"replies":[{"embeddable":true,"href":"https:\/\/labradoodle.pl\/de\/wp-json\/wp\/v2\/comments?post=2164"}],"version-history":[{"count":5,"href":"https:\/\/labradoodle.pl\/de\/wp-json\/wp\/v2\/pages\/2164\/revisions"}],"predecessor-version":[{"id":4281,"href":"https:\/\/labradoodle.pl\/de\/wp-json\/wp\/v2\/pages\/2164\/revisions\/4281"}],"wp:attachment":[{"href":"https:\/\/labradoodle.pl\/de\/wp-json\/wp\/v2\/media?parent=2164"}],"curies":[{"name":"wp","href":"https:\/\/api.w.org\/{rel}","templated":true}]}}