{"id":185,"date":"2009-02-09T10:57:22","date_gmt":"2009-02-09T09:57:22","guid":{"rendered":"https:\/\/wlochata-pasja.home.pl\/www\/?page_id=185"},"modified":"2024-02-01T12:13:08","modified_gmt":"2024-02-01T11:13:08","slug":"australijski-labradoodle","status":"publish","type":"page","link":"https:\/\/labradoodle.pl\/de\/australijski-labradoodle\/","title":{"rendered":"Australisches Labradoodle"},"content":{"rendered":"<p>[et_pb_section fb_built=\u201c1\u2033 fullwidth=\u201con\u201c next_background_color=\u201c#ffffff\u201c admin_label=\u201cHeader Section\u201c _builder_version=\u201c4.23\u2033background_color=\u201c#FFFFFF\u201cbottom_divider_style=\u201cramp2\u2033bottom_divider_flip=\u201chorizontal\u201chover_enabled=\u201c0\u2033global_colors _info = \u201e{}\u201c theme_builder_area=\u201cpost_content\u201c sticky_enabled=\u201c0\u2033][et_pb_fullwidth_header title=\u201cAustralian Labradoodle\u201c admin_label=\u201cFullwidth Header\u201c _builder_version=\u201c4.23\u2033 title_font=\u201cRaleway|700|||||||\u201c title_text_align=\u201ccenter\u201c title_font_size=\u201c70px\u201c title_line_height=\u201c1.1em\u201c content_font=\u201cRaleway||||||||\u201c content_text_color=\u201c#FFFFFF\u201c content_font_size=\u201c50px\u201c content_line_height=\u201c1.1em\u201c subhead_font=\u201cRaleway|700|||||||\u201c subhead_font_size=\u201c70px\u201c subhead_line_height=\u201c1.1em\u201c background_color=\u201c#c0b740\u201c background_enable_image=\u201coff\u201c background_blend=\u201coverlay\u201c custom_button_one=\u201con\u201c button_one_text_size=\u201c16px\u201c button_one_text_color=\u201c#ffffff\u201c button_one_bg_color=\u201crgba(224. ,1 53,0, 0,83)\u201c button_one_border_width=\u201c15px\u201c button_one_border_color=\u201crgba(0,0,0,0)\u201c button_one_border_radius=\u201c100px\u201c button_one_letter_spacing=\u201c3px\u201c button_one_font=\u201cOswald|||on|||||\u201c button_one_use_icon=\u201coff\u201c custom_button_two=\u201con\u201c button_two_text_size=\u201c16px\u201c button_two_text_color=\u201c#ffffff\u201c button_two_bg_color=\u201crgba(224,153,0,0.83)\u201c button_two_border_width=\u201c15px\u201c button_two_border_color=\u201crgba(0,0,0,0) \u201d button_two_border_radius=\u201c100px\u201c button_two_letter_spacing=\u201c3px\u201c button_two_font=\u201cOswald|||on|||||\u201c button_two_use_icon=\u201coff\u201c custom_margin=\u201c|||\u201c custom_padding=\u201c3vw||3vw||true|\u201c hover_enabled=\u201c0\u2033 content_font_size_tablet=\u201c50px\u201c content_font_size_phone=\u201c25px\u201c content_font_size_last_edited=\u201con|desktop\u201c subhead_font_size_tablet=\u201c80px\u201c subhead_font_size_phone=\u201c35px\u201c subhead_font_size_last_edited=\u201con|desktop\u201c title_text_shadow_style=\u201cpreset4. \u2033 title_text_shadow_color=\u201c#000000\u201c content_text_shadow_style =\u201cpreset2\u2033 content_text_shadow_color=\u201c#000000\u201c subhead_text_shadow_style=\u201cpreset4\u201c text_shadow_style=\u201cpreset4\u201c button_one_border_radius_hover=\u201c100px\u201c button_one_bg_color_hover=\u201c#cc8d66\u201c button_two_bg_color_hover=\u201c#d2. 9f68\u2033 global_colors_info=\u201c{}\u201c button_one_text_size__hover_enabled=\u201coff\u201c button_two_text_size__hover_enabled=\u201coff \u201ebutton_one_text_color__hover_enabled=\u201caus\u201c button_two_text_color__hover_enabled=\u201caus\u201c button_one_border_width__hover_enabled=\u201caus\u201c button_two_border_width__hover_enabled=\u201caus\u201c button_one_border_color__hover_enabled=\u201caus\u201c button_two_border_color__hover_enabled=\u201caus\u201c button_one_border_radius __hover_enabled=\u201caus\u201c button_one_border_radius__hover=\u201c100px\u201c button_two_border_radius__hover_enabled=\u201caus\u201c button_one_letter_spacing__hover_enabled=\u201c aus\u201c button_two_letter_spacing__hover_enabled=\u201caus\u201c button_one_bg_color__hover_enabled=\u201cein\u201c button_one_bg_color__hover=\u201c#d87c6c\u201c button_two_bg_color__hover_enabled=\u201cein\u201c button_two_bg_color__hover=\u201c#d87c6c\u201c theme_builder_area=\u201cpost_content\u201c Titel _font _size_last_edited=\u201con|desktop\u201c sticky_enabled=\u201c0\u2033 title_font_size_phone=\u201c50px\u201c title_font_size_tablet = \u201d70px\u201d] [\/et_pb_fullwidth_header] [\/et_pb_section] [et_pb_section Builder_version = \u201d4.16 \u2033 background_size=\u201c initial\u201c background_position=\u201ctop_left\u201c background_repeat=\u201crepeat\u201c global_colors_info=\u201c{}\u201c][et_pb_column type=\u201c4_4\u2033 _builder_version=\u201c4.16\u2033 custom_padding=\u201c|||\u201c global_colors_info=\u201c{}\u201c custom_padding__hover=\u201c|||\u201c][et_pb_text admin_label=\u201cText\u201c _builder_version=\u201c4.23\u2033 text_font=\u201c|300|||||||\u201c background_size=\u201cinitial\u201c background_position=\u201ctop_left\u201c background_repeat=\u201crepeat\u201c hover_enabled=\u201c0\u2033 global_colors_info=\u201c{}\u201c sticky_enabled=\u201c0\u2033]<\/p>\n<h1>Australisches Labradoodle<\/h1>\n<h3 style=\"text-align: justify;\">Einige Geschichten<\/h3>\n<p style=\"text-align: justify;\">Seit einigen Jahren <strong>Australisches Labradoodle<\/strong>, haben sich zu einer der beliebtesten Rassen in den Vereinigten Staaten entwickelt. Auch in Europa kommen sie immer h\u00e4ufiger vor. Viele Menschen interessierten sich f\u00fcr Wiedehopfe vor allem wegen ihres haarfreien und allergikerfreundlichen Fells. <strong>Australisches Labradoodle<\/strong> Es sind Hunde, die sich nach menschlicher Zusammenarbeit sehnen, schnell lernen und eine gro\u00dfe Bindung zu ihrem menschlichen Rudel zeigen.<br \/>Es ist eine der wenigen Rassen, die zu dieser Kategorie geh\u00f6ren \u2013 <a href=\"https:\/\/labradoodle.pl\/de\/australijskie-labradoodle-dla-alergikow\/\">HYPOALLERGISCH<\/a>. Die meisten Allergiker stehen dem Besitz eines Hundes sehr skeptisch gegen\u00fcber. Ich wei\u00df das aus eigener Erfahrung, als ich eine nach der anderen nach Pflegestellen suchen musste, zuerst f\u00fcr meinen Papagei und dann f\u00fcr meinen Basset. Ich kann Ihnen nur einen Besuch bei Hairy Passion empfehlen, bei dem Sie sicherlich sehen k\u00f6nnen, ob es zu einer allergischen Reaktion auf Hunde kommt oder nicht.<br \/>Meine Allergien nahmen von Jahr zu Jahr zu, dann trat Asthma auf und der Allergologe riet dringend davon ab, einen Hund zu haben. Ich wurde zu Tests geschickt, was meine Bef\u00fcrchtungen nat\u00fcrlich best\u00e4tigte. Ich hatte Angst, dass ich meiner Leidenschaft, n\u00e4mlich Hunden und der Arbeit mit ihnen, nie nachgehen k\u00f6nnte. Ich habe viel \u00fcber allergikerfreundliche Hunde gelesen und war dem gegen\u00fcber immer noch sehr skeptisch. Bevor ich mich dazu entschloss, mir einen solchen Hund anzuschaffen, besuchte ich mehrmals den Zwinger, um zu sehen, ob ich irgendwelche allergischen Reaktionen bekommen w\u00fcrde.<\/p>\n<p>[\/et_pb_text] [dmg_masonry_gallery Galerie = \u201d5199,5191,5145,4982,4985,4885 \u2033 itle_color = \u201d#FF FFFF \u201eshow_overlay_caption=\u201coff\u201c overlay_caption_size=\u201c14px\u201c pagination_buttons_background=\u201cRGBA(255,255,255,0)\u201c pagination_buttons_background_active=\u201c#bcb840\u2033 columns_tablet=\u201c2\u2033 columns_phone=\u201c2\u2033 columns_last_edited=\u201con|desktop\u201c builder_version=\u201c4. 18.0 \u2033 _module_preset=\u201cdefault\u201c pagination_text_color=\u201c#bcb840\u201c pagination_font_size=\u201c12px\u201c pagination_active_text_color=\u201c#71615b\u201c pagination_active_font_size=\u201c12px\u201c border_radii_image=\u201con|12px|12px|12px|12px\u201c border_radii_p. agination=\u201con|6px|6px|6px |6px \u201d border_radii_pagination_active=\u201con|6px|6px|6px|6px\u201c box_shadow_style_pagination=\u201cpreset1\u2033 global_colors_info=\u201c{}\u201c][\/dmg_masonry_gallery][et_pb_text _builder_version=\u201c4.18.0\u201c _module_preset=\u201cdefault\u201c text_font=\u201c| 300|. ||||||\u201c global_colors_info=\u201c{}\u201c]<\/p>\n<p style=\"text-align: justify;\">Bis vor einiger Zeit war das \u00f6ffentliche Bewusstsein f\u00fcr die Existenz solcher Rassen sehr gering. Als ich den Browser durchsuchte (die Informationen auf polnischen Websites waren sehr d\u00fcrftig), stie\u00df ich auf eines der Foren (einer Rasse, die als hypoallergen eingestuft wird), wo ich eine lustige Definition des Wortes HYPOALLERGISCH fand. HIPO \u2013 das ist sehr, riesig, gro\u00dfartig, hier wurde sogar ein Vergleich mit einem Nilpferd gezogen. ALLERGISCH, allergieausl\u00f6send, sensibilisierend = ein Hund, der stark (stark) sensibilisiert. Ziemlich lustig, wie manche Leute ihre eigenen Theorien aufstellen k\u00f6nnen, nicht wahr?<br \/>Eine Zeit lang war mein Kopf mit einem Gedanken besch\u00e4ftigt: Es gibt so viele Menschen auf der Welt, die das Problem haben, mit dem ich zu k\u00e4mpfen habe, und leider deutet alles darauf hin, dass es noch mehr von ihnen sein werden. Ich habe mich gefragt, wie viele Menschen mit Behinderungen, die einen Assistenzhund ben\u00f6tigen, in diesem Pool sein werden? Wie viele Allergiker oder Asthmatiker ben\u00f6tigen einen Arbeitshund? Mein Ziel war es, eine Rasse zu finden, die f\u00fcr die Arbeit mit Menschen geeignet ist und alle Potenziale daf\u00fcr besitzt, und gleichzeitig eine Rasse, die f\u00fcr Allergiker geeignet ist.<br \/>Nach einiger Zeit stie\u00df ich in der Monatszeitschrift \u201eM\u00f3j Pies\u201c auf einen Artikel von Magda Urban von der Stiftung \u201ePsia Wachta\u201c. Es war ein Artikel \u00fcber Beverley Manners aus Australien und ihre wundervollen australischen Labradoodles und ich wusste, dass es das war, wonach ich suchte. Ich habe nicht lange gez\u00f6gert und wir haben eine fantastische Bekanntschaft gemacht. Beverley teilte etwa ein Jahr lang ihre wertvollen Erfahrungen mit mir. Heute bin ich zuversichtlich genug, ihr Programm fortzusetzen und die Geschichte der australischen Labradoodles in Polen zu schreiben.<\/p>\n<p style=\"text-align: justify;\">Meine Mission ist es, denjenigen zu helfen, f\u00fcr die Beverley beschlossen hat, die Rasse zu erschaffen.<\/p>\n<p style=\"text-align: justify;\">Edyta Gajewska<\/p>\n<p>[\/et_pb_text][\/et_pb_column][\/et_pb_row][\/et_pb_section]<\/p>","protected":false},"excerpt":{"rendered":"<p>Australischer Labradoodle Ein bisschen Geschichte Im Laufe der letzten etwa zw\u00f6lf Jahre haben sich australische Labradoodles zu einer der beliebtesten Rassen in den Vereinigten Staaten entwickelt. Auch in Europa sind sie immer h\u00e4ufiger zu h\u00f6ren. Viele Menschen interessieren sich f\u00fcr Dudles vor allem wegen ihres fusselfreien und allergikerfreundlichen Fells. Australische Labradoodles sind Hunde, die mit Menschen kooperieren, schnell lernen und [\u2026]<\/p>","protected":false},"author":2,"featured_media":0,"parent":0,"menu_order":0,"comment_status":"closed","ping_status":"closed","template":"","meta":{"_et_pb_use_builder":"on","_et_pb_old_content":"<h1>Australijski Labradoodle<\/h1>\n<p style=\"text-align: justify;\"><img class=\"size-full wp-image-188 alignleft\" style=\"border: 5px solid white; margin-top: 10px; margin-bottom: 10px;\" title=\"W\u0142ochata Pasja - Australijski Labradoodle\" alt=\"labradoore-info\" src=\"http:\/\/wlochata-pasja.home.pl\/www\/wp-content\/uploads\/2009\/02\/labradoore-info.png\" width=\"270\" height=\"73\" \/><\/p>\n<p style=\"text-align: justify;\">Przez ostatnie kilka lat <strong>Australijskie Labradoodle<\/strong>, sta\u0142y si\u0119 jedn\u0105 z najbardziej popularnych ras w Stanach Zjednoczonych. Coraz cz\u0119\u015bciej o nich s\u0142ycha\u0107 tak\u017ce w Europie. Wielu ludzi zainteresowa\u0142o si\u0119 dudlami g\u0142\u00f3wnie ze wzgl\u0119du na ich nie liniej\u0105c\u0105 i\u00a0przyjazn\u0105 alergikom\u00a0sier\u015b\u0107. <strong>Australijskie Labradoodle<\/strong> to psy, kt\u00f3re pragn\u0105 wsp\u00f3\u0142pracy z cz\u0142owiekiem, szybko si\u0119 ucz\u0105 a swojej ludzkiej sforze okazuj\u0105 du\u017ce przywi\u0105zanie.\nJest to jedna z nielicznych ras nale\u017c\u0105cych do kategorii - HIPOALERGICZNY. Wi\u0119kszo\u015b\u0107 alergik\u00f3w bardzo sceptycznie podchodzi do posiadania ps\u00f3w. Znam to z w\u0142asnego do\u015bwiadczenia, kiedy po kolei musia\u0142am szuka\u0107 dom\u00f3w zast\u0119pczych, najpierw dla mojej papugi a potem psa rasy basset hound. Mog\u0119 jedynie zaproponowa\u0107 wizyt\u0119 we W\u0142ochatej Pasji, kt\u00f3ra na pewno pozwoli si\u0119 Pa\u0144stwu przekona\u0107 czy wyst\u0105pi reakcja alergiczna na psy czy te\u017c nie.\nMoje alergie nasila\u0142y si\u0119 z roku na rok, potem pojawi\u0142a si\u0119 astma a lekarz alergolog stanowczo odradzi\u0142 posiadanie psa. Zosta\u0142am wys\u0142ana na badania, kt\u00f3re oczywi\u015bcie potwierdzi\u0142y moje obawy. Ba\u0142am si\u0119, \u017ce nigdy nie b\u0119d\u0119 w stanie realizowa\u0107 swojej pasji, pasji kt\u00f3r\u0105 w\u0142a\u015bnie s\u0105 psy i praca z nimi. Bardzo du\u017co czyta\u0142am o psach przyjaznych alergikom a i tak podchodzi\u0142am do tematu bardzo sceptycznie. Zanim zdecydowa\u0142am si\u0119 na takiego psa odwiedzi\u0142am hodowl\u0119 kilka razy, aby zaobserwowa\u0107 czy wyst\u0105pi\u0105 u mnie reakcje alergiczne.\nJeszcze trzy lata temu, \u015bwiadomo\u015b\u0107 spo\u0142ecze\u0144stwa na temat istnienia takich ras by\u0142a bardzo niska. Kiedy przeszukiwa\u0142am przegl\u0105dark\u0119 (na polskich stronach informacje by\u0142y bardzo ubogie) natkn\u0119\u0142am si\u0119 na jedno z forum (w\u0142a\u015bnie rasy, kt\u00f3ra jest zaliczana do hipoalergicznych), na kt\u00f3rym znalaz\u0142am zabawn\u0105 definicj\u0119 s\u0142owa HIPOALERGICZNY. HIPO - czyli bardzo, ogromnie, wielce, tutaj nawet pad\u0142o przyr\u00f3wnanie do hipopotama. ALERGICZNY, powoduj\u0105cy alergi\u0119, uczulaj\u0105cy = pies kt\u00f3ry silnie (mocno) uczula. Dosy\u0107 zabawne, jak niekt\u00f3rzy potrafi\u0105 budowa\u0107 swoje w\u0142asne teorie, nieprawda\u017c?\nPrzez jaki\u015b czas moja g\u0142owa by\u0142a zaprz\u0105tni\u0119ta jedn\u0105 my\u015bl\u0105 - na \u015bwiecie jest tak wiele os\u00f3b z problemem z jakim i ja si\u0119 borykam, a niestety wszystko wskazuje na to, \u017ce przyb\u0119dzie ich jeszcze wi\u0119cej. Zastanawia\u0142am si\u0119 ile w tej puli znajdzie si\u0119 os\u00f3b niepe\u0142nosprawnych potrzebuj\u0105cych psa asystuj\u0105cego? Ilu alergik\u00f3w czy astmatyk\u00f3w b\u0119dzie potrzebowa\u0142o psa pracuj\u0105cego? Za cel postanowi\u0142am sobie znale\u017a\u0107 ras\u0119 odpowiedni\u0105 do pracy z lud\u017ami i posiadaj\u0105c\u0105 wszelki potencja\u0142 ku temu, a jednocze\u015bnie ras\u0119 kt\u00f3ra jest przyjazna alergikom.\nPo jakim\u015b czasie,\u00a0w miesi\u0119czniku \"M\u00f3j Pies\" natkn\u0119\u0142am sie na artyku\u0142 napisany przez Magd\u0119 Urban z Fundacji \"Psia Wachta\"\u00a0. By\u0142 to artyku\u0142 o Beverley Manners z Australii i jej cudownych Australijskich Labradoodlach wiedzia\u0142am, \u017ce to jest to czego szuka\u0142am. D\u0142ugo nie zwleka\u0142am i nawi\u0105za\u0142y\u015bmy ze sob\u0105 fantastyczn\u0105 znajomo\u015b\u0107. Beverley przez oko\u0142o rok czasu dzieli\u0142a si\u0119 ze mn\u0105 swoimi cennymi do\u015bwiadczeniami. Dzi\u015b czuj\u0119 si\u0119 na tyle pewnie, aby kontynuowa\u0107 jej program i tworzy\u0107 histori\u0119 Australijskich Labradoodli w Polsce.<\/p>\n<p style=\"text-align: justify;\">Moj\u0105 misj\u0105 jest niesienie pomocy tym, z my\u015bl\u0105 o kt\u00f3rych Beverley podj\u0119\u0142a decyzj\u0119 o stworzeniu rasy.<\/p>\nHodowl\u0105 Australijskich Labradoodli w Polsce zajmuje si\u0119 moja mama <strong>El\u017cbieta Gajewska<\/strong>, ja wspieram j\u0105 na etapach, w kt\u00f3rych wsparcie behawiorysty zwierz\u0119cego jest niezb\u0119dne. Sama z kolei zapraszam serdecznie do mojego dzia\u0142u \u201ebehawiorystka\u201d, gdzie zamieszczam artyku\u0142y swojego autorstwa.\n<p style=\"text-align: justify;\">Edyta Gajewska<\/p>\n<p style=\"text-align: justify;\"><span style=\"font-size: medium;\">Odwied\u017a <strong><a title=\"Australijskie labradoodle - zdj\u0119cia\" href=\"https:\/\/labradoodle.pl\" target=\"_blank\">galeri\u0119 australijskich labradoodle<\/a><\/strong><\/span><\/p>\n------------------------------------------------------------------------------------------------------------------------------------------------------------------------------------------------------------------\n\nW\u0142ochata Pasja\nHodowla Australijskich Labradoodli w Polsce\nPierwsze Australijskie Labradoodle w Polsce\n\n------------------------------------------------------------------------------------------------------------------------------------------------------------------------------------------------------------------","_et_gb_content_width":"","footnotes":""},"class_list":["post-185","page","type-page","status-publish","hentry"],"_links":{"self":[{"href":"https:\/\/labradoodle.pl\/de\/wp-json\/wp\/v2\/pages\/185","targetHints":{"allow":["GET"]}}],"collection":[{"href":"https:\/\/labradoodle.pl\/de\/wp-json\/wp\/v2\/pages"}],"about":[{"href":"https:\/\/labradoodle.pl\/de\/wp-json\/wp\/v2\/types\/page"}],"author":[{"embeddable":true,"href":"https:\/\/labradoodle.pl\/de\/wp-json\/wp\/v2\/users\/2"}],"replies":[{"embeddable":true,"href":"https:\/\/labradoodle.pl\/de\/wp-json\/wp\/v2\/comments?post=185"}],"version-history":[{"count":5,"href":"https:\/\/labradoodle.pl\/de\/wp-json\/wp\/v2\/pages\/185\/revisions"}],"predecessor-version":[{"id":9905,"href":"https:\/\/labradoodle.pl\/de\/wp-json\/wp\/v2\/pages\/185\/revisions\/9905"}],"wp:attachment":[{"href":"https:\/\/labradoodle.pl\/de\/wp-json\/wp\/v2\/media?parent=185"}],"curies":[{"name":"wp","href":"https:\/\/api.w.org\/{rel}","templated":true}]}}